{"id":5752,"date":"2023-05-03T07:49:37","date_gmt":"2023-05-03T07:49:37","guid":{"rendered":"https:\/\/demo.sparklewpthemes.com\/educenter\/sparkedu\/?page_id=5752"},"modified":"2023-11-20T22:07:30","modified_gmt":"2023-11-20T15:07:30","slug":"contact-us-2","status":"publish","type":"page","link":"https:\/\/onelifeenglish.edu.vn\/en\/contact-us-2\/","title":{"rendered":"Contact Us"},"content":{"rendered":"<div class=\"fusion-fullwidth fullwidth-box fusion-builder-row-1 fusion-flex-container has-pattern-background has-mask-background gradient-container-1 nonhundred-percent-fullwidth non-hundred-percent-height-scrolling fusion-animated\" style=\"--awb-background-position:left top;--awb-background-blend-mode:screen;--awb-border-sizes-top:0px;--awb-border-sizes-bottom:0px;--awb-border-sizes-left:0px;--awb-border-sizes-right:0px;--awb-border-radius-top-left:0px;--awb-border-radius-top-right:0px;--awb-border-radius-bottom-right:0px;--awb-border-radius-bottom-left:0px;--awb-padding-top:0px;--awb-padding-right:0px;--awb-padding-bottom:0px;--awb-padding-left:0px;--awb-padding-top-medium:0px;--awb-padding-right-medium:100px;--awb-padding-bottom-medium:0px;--awb-padding-left-medium:100px;--awb-padding-top-small:0px;--awb-padding-right-small:30px;--awb-padding-left-small:30px;--awb-margin-top:0px;--awb-margin-bottom:0px;--awb-flex-wrap:wrap;\" data-animationtype=\"fadeInUp\" data-animationduration=\"1.3\" data-animationoffset=\"top-into-view\" ><div class=\"awb-background-pattern\" style=\"background-image:  url();opacity: 1 ;\"><\/div><div class=\"awb-background-mask\" style=\"background-image:  url();\"><\/div><div class=\"fusion-builder-row fusion-row fusion-flex-align-items-center fusion-flex-justify-content-center fusion-flex-content-wrap\" style=\"max-width:calc( 1200px + 0px );margin-left: calc(-0px \/ 2 );margin-right: calc(-0px \/ 2 );\"><div class=\"fusion-layout-column fusion_builder_column fusion-builder-column-0 fusion-flex-column fusion-flex-align-self-center fusion-animated\" style=\"--awb-padding-right:54px;--awb-padding-right-small:0px;--awb-padding-bottom-small:40px;--awb-overflow:hidden;--awb-bg-position:center center;--awb-bg-blend:multiply;--awb-bg-size:cover;--awb-border-radius:9px 0px 0px 9px;--awb-width-large:50%;--awb-margin-top-large:0px;--awb-spacing-right-large:calc( 0.036 * calc( 100% - 0 ) );--awb-margin-bottom-large:0px;--awb-spacing-left-large:0;--awb-width-medium:50%;--awb-order-medium:0;--awb-spacing-right-medium:calc( 0.036 * calc( 100% - 0 ) );--awb-spacing-left-medium:0;--awb-width-small:100%;--awb-order-small:0;--awb-spacing-right-small:0;--awb-spacing-left-small:0;\" data-animationtype=\"fadeInUp\" data-animationduration=\"1.3\" data-animationoffset=\"top-into-view\"><div class=\"fusion-column-wrapper fusion-column-has-shadow fusion-flex-justify-content-center fusion-content-layout-column\"><div class=\"fusion-title title fusion-title-1 fusion-sep-none fusion-title-center fusion-title-text fusion-title-size-two\" style=\"--awb-text-color:var(--awb-color8);--awb-margin-bottom:25px;--awb-font-size:40px;\"><h2 class=\"fusion-title-heading title-heading-center fusion-responsive-typography-calculated\" style=\"font-family:var(--awb-typography1-font-family);font-weight:var(--awb-typography1-font-weight);font-style:var(--awb-typography1-font-style);margin:0;font-size:1em;--fontSize:40;line-height:var(--awb-typography1-line-height);\"><div class=\"header text-center\">Contact<span class=\"color-blue\"> <span style=\"color: var(--awb-color4);\">One Life English &amp; Visa<\/span><\/span><\/div><\/h2><\/div><div class=\"fusion-text fusion-text-1 fusion-text-no-margin\" style=\"--awb-content-alignment:center;--awb-font-size:var(--awb-typography4-font-size);--awb-line-height:var(--awb-typography4-line-height);--awb-letter-spacing:var(--awb-typography4-letter-spacing);--awb-text-transform:var(--awb-typography4-text-transform);--awb-text-color:var(--awb-color8);--awb-margin-bottom:30px;--awb-text-font-family:var(--awb-typography4-font-family);--awb-text-font-weight:var(--awb-typography4-font-weight);--awb-text-font-style:var(--awb-typography4-font-style);\"><div class=\"my-5 desc\">Ch\u00fang t\u00f4i tr\u00e2n tr\u1ecdng m\u1ecdi c\u01a1 h\u1ed9i \u0111\u01b0\u1ee3c giao l\u01b0u v\u00e0 h\u1ee3p t\u00e1c. H\u00e3y li\u00ean h\u1ec7 ngay v\u1edbi ch\u00fang t\u00f4i \u0111\u1ec3 \u0111\u01b0\u1ee3c t\u01b0 v\u1ea5n v\u00e0 gi\u1ea3i \u0111\u00e1p m\u1ecdi th\u1eafc m\u1eafc c\u1ee7a b\u1ea1n v\u1ec1 One Life English &amp; Visa nh\u00e9!<\/div>\n<\/div><div class=\"fusion-image-element\" style=\"--awb-caption-title-font-family:var(--h2_typography-font-family);--awb-caption-title-font-weight:var(--h2_typography-font-weight);--awb-caption-title-font-style:var(--h2_typography-font-style);--awb-caption-title-size:var(--h2_typography-font-size);--awb-caption-title-transform:var(--h2_typography-text-transform);--awb-caption-title-line-height:var(--h2_typography-line-height);--awb-caption-title-letter-spacing:var(--h2_typography-letter-spacing);\"><span class=\"fusion-imageframe imageframe-none imageframe-1 hover-type-none\"><img decoding=\"async\" width=\"545\" height=\"328\" title=\"lh-img-left-top\" src=\"http:\/\/onelifeenglish.edu.vn\/wp-content\/uploads\/2023\/11\/lh-img-left-top.png\" alt class=\"img-responsive wp-image-6306\" srcset=\"https:\/\/onelifeenglish.edu.vn\/wp-content\/uploads\/2023\/11\/lh-img-left-top-200x120.png 200w, https:\/\/onelifeenglish.edu.vn\/wp-content\/uploads\/2023\/11\/lh-img-left-top.png 545w\" sizes=\"(max-width: 420px) 100vw, 545px\" \/><\/span><\/div><\/div><\/div><div class=\"fusion-layout-column fusion_builder_column fusion-builder-column-1 fusion-flex-column fusion-flex-align-self-center fusion-animated\" style=\"--awb-padding-right:20px;--awb-padding-left:20px;--awb-padding-top-small:0px;--awb-padding-right-small:20px;--awb-padding-bottom-small:0px;--awb-padding-left-small:20px;--awb-overflow:hidden;--awb-bg-color:var(--awb-color1);--awb-bg-color-hover:var(--awb-color1);--awb-bg-size:cover;--awb-box-shadow:0px 0px 25px -4px rgba(20,22,23,0.33);;--awb-border-color:var(--awb-color4);--awb-border-top:10px;--awb-border-right:10px;--awb-border-bottom:10px;--awb-border-left:10px;--awb-border-style:solid;--awb-border-radius:9px 9px 9px 9px;--awb-width-large:50%;--awb-margin-top-large:0px;--awb-spacing-right-large:0;--awb-margin-bottom-large:0px;--awb-spacing-left-large:calc( 0.044 * calc( 100% - 0 ) );--awb-width-medium:50%;--awb-order-medium:0;--awb-spacing-right-medium:0;--awb-spacing-left-medium:calc( 0.044 * calc( 100% - 0 ) );--awb-width-small:100%;--awb-order-small:1;--awb-spacing-right-small:0;--awb-spacing-left-small:0;\" data-animationtype=\"fadeInUp\" data-animationduration=\"1.3\" data-animationoffset=\"top-into-view\"><div class=\"fusion-column-wrapper fusion-column-has-shadow fusion-flex-justify-content-center fusion-content-layout-column\"><div class=\"fusion-separator fusion-full-width-sep\" style=\"align-self: center;margin-left: auto;margin-right: auto;margin-bottom:40px;width:100%;\"><\/div><div class=\"fusion-builder-row fusion-builder-row-inner fusion-row fusion-flex-align-items-center fusion-flex-justify-content-center fusion-flex-content-wrap\" style=\"width:calc( 100% + 0px ) !important;max-width:calc( 100% + 0px ) !important;margin-left: calc(-0px \/ 2 );margin-right: calc(-0px \/ 2 );\"><div class=\"fusion-layout-column fusion_builder_column_inner fusion-builder-nested-column-0 fusion_builder_column_inner_1_1 1_1 fusion-flex-column\" style=\"--awb-bg-size:cover;--awb-width-large:100%;--awb-margin-top-large:0px;--awb-spacing-right-large:0;--awb-margin-bottom-large:0px;--awb-spacing-left-large:0;--awb-width-medium:100%;--awb-order-medium:0;--awb-spacing-right-medium:0;--awb-spacing-left-medium:0;--awb-width-small:100%;--awb-order-small:0;--awb-spacing-right-small:0;--awb-spacing-left-small:0;\"><div class=\"fusion-column-wrapper fusion-column-has-shadow fusion-flex-justify-content-flex-start fusion-content-layout-column\"><div class=\"fusion-form fusion-form-builder fusion-form-form-wrapper fusion-form-6316 has-icon-alignment\" style=\"--awb-tooltip-text-color:var(--awb-color1);--awb-tooltip-background-color:var(--awb-color8);--awb-field-margin-top:0px;--awb-form-input-height:40px;--awb-form-bg-color:hsla(var(--awb-color1-h),var(--awb-color1-s),var(--awb-color1-l),calc(var(--awb-color1-a) - 100%));--awb-form-select-bg:var(--awb-color1);--awb-form-font-size:16px;--awb-form-placeholder-color:hsla(var(--awb-color8-h),var(--awb-color8-s),var(--awb-color8-l),calc(var(--awb-color8-a) - 80%));--awb-form-text-color:var(--awb-color8);--awb-form-label-color:var(--awb-color8);--awb-form-border-width-top:0px;--awb-form-border-width-bottom:1px;--awb-form-border-width-right:0px;--awb-form-border-width-left:0px;--awb-form-border-color:hsla(var(--awb-color8-h),var(--awb-color8-s),var(--awb-color8-l),calc(var(--awb-color8-a) - 70%));--awb-form-focus-border-color:var(--awb-color5);--awb-form-focus-border-hover-color:hsla(var(--awb-color5-h),var(--awb-color5-s),var(--awb-color5-l),calc(var(--awb-color5-a) - 50%));--awb-form-border-radius:0px;--awb-icon-alignment-top:0px;--awb-icon-alignment-bottom:1px;--awb-icon-alignment-font-size:16px;\" data-form-id=\"6316\" data-config=\"{&quot;form_id&quot;:&quot;6316&quot;,&quot;form_post_id&quot;:&quot;6316&quot;,&quot;post_id&quot;:5752,&quot;form_type&quot;:&quot;post&quot;,&quot;confirmation_type&quot;:&quot;message&quot;,&quot;redirect_url&quot;:&quot;&quot;,&quot;field_labels&quot;:{&quot;h\\u1ecd_va_ten&quot;:&quot;H\\u1ecd v\\u00e0 t\\u00ean&quot;,&quot;s\\u1ed1_di\\u1ec7n_tho\\u1ea1i&quot;:&quot;S\\u1ed1 \\u0111i\\u1ec7n tho\\u1ea1i&quot;,&quot;email&quot;:&quot;Email&quot;,&quot;d\\u1ecbch_v\\u1ee5_c\\u1ea7n_tu_v\\u1ea5n&quot;:&quot;D\\u1ecbch v\\u1ee5 c\\u1ea7n t\\u01b0 v\\u1ea5n&quot;,&quot;message&quot;:&quot;L\\u1eddi nh\\u1eafn \\u0111\\u1ebfn One Life English &amp; Visa&quot;},&quot;field_logics&quot;:{&quot;h\\u1ecd_va_ten&quot;:&quot;&quot;,&quot;s\\u1ed1_di\\u1ec7n_tho\\u1ea1i&quot;:&quot;&quot;,&quot;email&quot;:&quot;&quot;,&quot;d\\u1ecbch_v\\u1ee5_c\\u1ea7n_tu_v\\u1ea5n&quot;:&quot;&quot;,&quot;message&quot;:&quot;&quot;,&quot;notice_1&quot;:&quot;&quot;},&quot;field_types&quot;:{&quot;h\\u1ecd_va_ten&quot;:&quot;text&quot;,&quot;s\\u1ed1_di\\u1ec7n_tho\\u1ea1i&quot;:&quot;phone_number&quot;,&quot;email&quot;:&quot;email&quot;,&quot;d\\u1ecbch_v\\u1ee5_c\\u1ea7n_tu_v\\u1ea5n&quot;:&quot;select&quot;,&quot;message&quot;:&quot;textarea&quot;,&quot;notice_1&quot;:&quot;notice&quot;,&quot;submit_1&quot;:&quot;submit&quot;},&quot;nonce_method&quot;:&quot;ajax&quot;}\"><form action=\"mailto:onelifeenglishvisa@gmail.com\" method=\"get\" class=\"fusion-form fusion-form-6316\" data-trp-original-action=\"mailto:onelifeenglishvisa@gmail.com\"><div class=\"fusion-fullwidth fullwidth-box fusion-builder-row-1-1 fusion-flex-container gradient-container-2 nonhundred-percent-fullwidth non-hundred-percent-height-scrolling\" style=\"--awb-border-sizes-top:0px;--awb-border-sizes-bottom:0px;--awb-border-sizes-left:0px;--awb-border-sizes-right:0px;--awb-border-radius-top-left:0px;--awb-border-radius-top-right:0px;--awb-border-radius-bottom-right:0px;--awb-border-radius-bottom-left:0px;--awb-margin-top:0px;--awb-margin-bottom:0px;--awb-flex-wrap:wrap;\" ><div class=\"fusion-builder-row fusion-row fusion-flex-align-items-flex-start fusion-flex-content-wrap\" style=\"width:103% !important;max-width:103% !important;margin-left: calc(-3% \/ 2 );margin-right: calc(-3% \/ 2 );\"><div class=\"fusion-layout-column fusion_builder_column fusion-builder-column-2 fusion_builder_column_1_1 1_1 fusion-flex-column\" style=\"--awb-bg-size:cover;--awb-width-large:100%;--awb-margin-top-large:0px;--awb-spacing-right-large:1.455%;--awb-margin-bottom-large:0px;--awb-spacing-left-large:1.455%;--awb-width-medium:100%;--awb-order-medium:0;--awb-spacing-right-medium:1.455%;--awb-spacing-left-medium:1.455%;--awb-width-small:100%;--awb-order-small:0;--awb-spacing-right-small:1.455%;--awb-spacing-left-small:1.455%;\"><div class=\"fusion-column-wrapper fusion-column-has-shadow fusion-flex-justify-content-flex-start fusion-content-layout-column\"><div class=\"fusion-form-field fusion-form-text-field fusion-form-label-above\" style=\"\" data-form-id=\"6316\"><div class=\"fusion-form-label-wrapper\"><label for=\"h\u1ecd_va_ten\">H\u1ecd v\u00e0 t\u00ean <abbr class=\"fusion-form-element-required\" title=\"required\">*<\/abbr><\/label><\/div><input type=\"text\" name=\"h\u1ecd_va_ten\" id=\"h\u1ecd_va_ten\" value=\"\"  class=\"fusion-form-input\" required=\"true\" aria-required=\"true\" data-holds-private-data=\"false\" minlength=\"0\"\/><\/div><div class=\"fusion-form-field fusion-form-phone-number-field fusion-form-label-above\" style=\"\" data-form-id=\"6316\"><div class=\"fusion-form-label-wrapper\"><label for=\"s\u1ed1_di\u1ec7n_tho\u1ea1i\">S\u1ed1 \u0111i\u1ec7n tho\u1ea1i <abbr class=\"fusion-form-element-required\" title=\"required\">*<\/abbr><\/label><\/div><input type=\"tel\" name=\"s\u1ed1_di\u1ec7n_tho\u1ea1i\" id=\"s\u1ed1_di\u1ec7n_tho\u1ea1i\" value=\"\"  class=\"fusion-form-input\" required=\"true\" aria-required=\"true\" data-holds-private-data=\"false\"\/><\/div><div class=\"fusion-form-field fusion-form-email-field fusion-form-label-above\" style=\"\" data-form-id=\"6316\"><div class=\"fusion-form-label-wrapper\"><label for=\"email\">Email <abbr class=\"fusion-form-element-required\" title=\"required\">*<\/abbr><\/label><\/div><input type=\"email\" name=\"email\" id=\"email\" value=\"\"  class=\"fusion-form-input\" required=\"true\" aria-required=\"true\" data-holds-private-data=\"false\"\/><\/div><div class=\"fusion-form-field fusion-form-select-field fusion-form-label-above\" style=\"\" data-form-id=\"6316\"><label for=\"d\u1ecbch_v\u1ee5_c\u1ea7n_tu_v\u1ea5n\">D\u1ecbch v\u1ee5 c\u1ea7n t\u01b0 v\u1ea5n <abbr class=\"fusion-form-element-required\" title=\"required\">*<\/abbr><\/label><div class=\"fusion-select-wrapper\"><select tabindex=\"\" id=\"d\u1ecbch_v\u1ee5_c\u1ea7n_tu_v\u1ea5n\" name=\"d\u1ecbch_v\u1ee5_c\u1ea7n_tu_v\u1ea5n\" class=\"fusion-form-input\" required=\"true\" aria-required=\"true\" data-holds-private-data=\"false\"><option value=\"\" disabled selected>Vui l\u00f2ng ch\u1ecdn d\u1ecbch v\u1ee5<\/option><option value=\"Ti\u1ebfng Anh giao ti\u1ebfp ph\u1ea3n x\u1ea1 cho ng\u01b0\u1eddi l\u1edbn\" >Ti\u1ebfng Anh giao ti\u1ebfp ph\u1ea3n x\u1ea1 cho ng\u01b0\u1eddi l\u1edbn<\/option><option value=\"Ti\u1ebfng Anh giao ti\u1ebfp ph\u1ea3n x\u1ea1 cho b\u00e9\" >Ti\u1ebfng Anh giao ti\u1ebfp ph\u1ea3n x\u1ea1 cho b\u00e9<\/option><option value=\"Ti\u1ebfng Anh cho c\u00e1c b\u00e9 tr\u01b0\u1eddng Vinschool\" >Ti\u1ebfng Anh cho c\u00e1c b\u00e9 tr\u01b0\u1eddng Vinschool<\/option><option value=\"Ti\u1ebfng Anh cho c\u00e1c b\u00e9 tr\u01b0\u1eddng qu\u1ed1c t\u1ebf\" >Ti\u1ebfng Anh cho c\u00e1c b\u00e9 tr\u01b0\u1eddng qu\u1ed1c t\u1ebf<\/option><option value=\"Luy\u1ec7n thi ch\u1ee9ng ch\u1ec9 CAMBRIDGE\" >Luy\u1ec7n thi ch\u1ee9ng ch\u1ec9 CAMBRIDGE<\/option><option value=\"Ti\u1ebfng Anh th\u01b0\u01a1ng m\u1ea1i\" >Ti\u1ebfng Anh th\u01b0\u01a1ng m\u1ea1i<\/option><option value=\"Kh\u00f3a luy\u1ec7n thi TOEIC\" >Kh\u00f3a luy\u1ec7n thi TOEIC<\/option><option value=\"Kh\u00f3a luy\u1ec7n thi IELTS\" >Kh\u00f3a luy\u1ec7n thi IELTS<\/option><\/select><div class=\"select-arrow\"><svg width=\"12\" height=\"8\" viewbox=\"0 0 12 8\" fill=\"none\" xmlns=\"http:\/\/www.w3.org\/2000\/svg\"> <path d=\"M1.5 1.75L6 6.25L10.5 1.75\" stroke=\"#6D6D6D\" stroke-width=\"2\" stroke-linecap=\"round\" stroke-linejoin=\"round\"\/> <\/svg><\/div><\/div><\/div><div class=\"fusion-form-field fusion-form-textarea-field fusion-form-label-above\" style=\"\" data-form-id=\"6316\"><label for=\"message\">L\u1eddi nh\u1eafn \u0111\u1ebfn One Life English &amp; Visa <abbr class=\"fusion-form-element-required\" title=\"required\">*<\/abbr><\/label><textarea cols=\"40\"  minlength=\"0\"  rows=\"4\" tabindex=\"\" id=\"message\" name=\"message\" class=\"fusion-form-input\" required=\"true\" aria-required=\"true\" data-holds-private-data=\"false\"><\/textarea><\/div><div class=\"form-submission-notices data-notice_1\" id=\"fusion-notices-1\"><input type=\"hidden\" value=\"fusion-notices-1\" name=\"form_notices\" \/><\/div><div class=\"fusion-form-field fusion-form-submit-field fusion-form-label-above\" style=\"\" data-form-id=\"6316\"><div style=\"text-align:center;\"><button type=\"submit\" class=\"fusion-button button-flat fusion-button-default-size button-custom fusion-button-default button-1 fusion-button-default-span  form-form-submit button-default\" style=\"--button_accent_color:var(--awb-color1);--button_accent_hover_color:var(--awb-color8);--button_border_hover_color:var(--awb-color1);--button_border_width-top:0px;--button_border_width-right:0px;--button_border_width-bottom:0px;--button_border_width-left:0px;--button-border-radius-top-left:15px;--button-border-radius-top-right:15px;--button-border-radius-bottom-right:15px;--button-border-radius-bottom-left:15px;--button_gradient_top_color:var(--awb-color4);--button_gradient_bottom_color:var(--awb-color4);--button_gradient_top_color_hover:hsla(var(--awb-color5-h),var(--awb-color5-s),var(--awb-color5-l),calc(var(--awb-color5-a) - 10%));--button_gradient_bottom_color_hover:hsla(var(--awb-color5-h),var(--awb-color5-s),var(--awb-color5-l),calc(var(--awb-color5-a) - 10%));--button_text_transform:var(--awb-typography3-text-transform);--button_font_size:var(--awb-typography3-font-size);--button_line_height:var(--awb-typography3-line-height);--button_padding-top:20px;--button_padding-right:32px;--button_padding-bottom:20px;--button_padding-left:32px;--button_typography-letter-spacing:var(--awb-typography3-letter-spacing);--button_typography-font-family:var(--awb-typography3-font-family);--button_typography-font-weight:var(--awb-typography3-font-weight);--button_typography-font-style:var(--awb-typography3-font-style);--button_margin-top:10px;\" data-form-number=\"6316\" tabindex=\"\"><span class=\"fusion-button-text\">G\u1eedi<\/span><\/button><\/div><\/div><\/div><\/div><\/div><\/div><input type=\"hidden\" name=\"trp-form-language\" value=\"en\"\/><\/form><\/div><\/div><\/div><\/div><\/div><\/div><\/div><\/div>","protected":false},"excerpt":{"rendered":"","protected":false},"author":1,"featured_media":0,"parent":0,"menu_order":0,"comment_status":"closed","ping_status":"closed","template":"100-width.php","meta":{"_price":"","_stock":"","_tribe_ticket_header":"","_tribe_default_ticket_provider":"","_tribe_ticket_capacity":"0","_ticket_start_date":"","_ticket_end_date":"","_tribe_ticket_show_description":"","_tribe_ticket_show_not_going":false,"_tribe_ticket_use_global_stock":"","_tribe_ticket_global_stock_level":"","_global_stock_mode":"","_global_stock_cap":"","_tribe_rsvp_for_event":"","_tribe_ticket_going_count":"","_tribe_ticket_not_going_count":"","_tribe_tickets_list":"[]","_tribe_ticket_has_attendee_info_fields":false,"footnotes":"","_tec_slr_enabled":"","_tec_slr_layout":""},"class_list":["post-5752","page","type-page","status-publish","hentry"],"yoast_head":"<!-- This site is optimized with the Yoast SEO plugin v26.7 - https:\/\/yoast.com\/wordpress\/plugins\/seo\/ -->\n<title>Contact Us | One Life English<\/title>\n<meta name=\"robots\" content=\"index, follow, max-snippet:-1, max-image-preview:large, max-video-preview:-1\" \/>\n<link rel=\"canonical\" href=\"https:\/\/onelifeenglish.edu.vn\/en\/contact-us-2\/\" \/>\n<meta property=\"og:locale\" content=\"en_US\" \/>\n<meta property=\"og:type\" content=\"article\" \/>\n<meta property=\"og:title\" content=\"Contact Us | One Life English\" \/>\n<meta property=\"og:url\" content=\"https:\/\/onelifeenglish.edu.vn\/en\/contact-us-2\/\" \/>\n<meta property=\"og:site_name\" content=\"One Life English\" \/>\n<meta property=\"article:publisher\" content=\"https:\/\/www.facebook.com\/OneLifeEnglish\" \/>\n<meta property=\"article:modified_time\" content=\"2023-11-20T15:07:30+00:00\" \/>\n<meta property=\"og:image\" content=\"http:\/\/onelifeenglish.edu.vn\/wp-content\/uploads\/2023\/04\/img01-1.jpeg\" \/>\n<meta name=\"twitter:card\" content=\"summary_large_image\" \/>\n<meta name=\"twitter:label1\" content=\"Est. reading time\" \/>\n\t<meta name=\"twitter:data1\" content=\"7 minutes\" \/>\n<script type=\"application\/ld+json\" class=\"yoast-schema-graph\">{\"@context\":\"https:\/\/schema.org\",\"@graph\":[{\"@type\":\"WebPage\",\"@id\":\"https:\/\/onelifeenglish.edu.vn\/contact-us-2\/\",\"url\":\"https:\/\/onelifeenglish.edu.vn\/contact-us-2\/\",\"name\":\"Contact Us | One Life English\",\"isPartOf\":{\"@id\":\"https:\/\/onelifeenglish.edu.vn\/#website\"},\"datePublished\":\"2023-05-03T07:49:37+00:00\",\"dateModified\":\"2023-11-20T15:07:30+00:00\",\"breadcrumb\":{\"@id\":\"https:\/\/onelifeenglish.edu.vn\/contact-us-2\/#breadcrumb\"},\"inLanguage\":\"en-US\",\"potentialAction\":[{\"@type\":\"ReadAction\",\"target\":[\"https:\/\/onelifeenglish.edu.vn\/contact-us-2\/\"]}]},{\"@type\":\"BreadcrumbList\",\"@id\":\"https:\/\/onelifeenglish.edu.vn\/contact-us-2\/#breadcrumb\",\"itemListElement\":[{\"@type\":\"ListItem\",\"position\":1,\"name\":\"Home\",\"item\":\"https:\/\/onelifeenglish.edu.vn\/\"},{\"@type\":\"ListItem\",\"position\":2,\"name\":\"Contact Us\"}]},{\"@type\":\"WebSite\",\"@id\":\"https:\/\/onelifeenglish.edu.vn\/#website\",\"url\":\"https:\/\/onelifeenglish.edu.vn\/\",\"name\":\"One Life English\",\"description\":\"\",\"publisher\":{\"@id\":\"https:\/\/onelifeenglish.edu.vn\/#organization\"},\"potentialAction\":[{\"@type\":\"SearchAction\",\"target\":{\"@type\":\"EntryPoint\",\"urlTemplate\":\"https:\/\/onelifeenglish.edu.vn\/?s={search_term_string}\"},\"query-input\":{\"@type\":\"PropertyValueSpecification\",\"valueRequired\":true,\"valueName\":\"search_term_string\"}}],\"inLanguage\":\"en-US\"},{\"@type\":\"Organization\",\"@id\":\"https:\/\/onelifeenglish.edu.vn\/#organization\",\"name\":\"One Life English\",\"url\":\"https:\/\/onelifeenglish.edu.vn\/\",\"logo\":{\"@type\":\"ImageObject\",\"inLanguage\":\"en-US\",\"@id\":\"https:\/\/onelifeenglish.edu.vn\/#\/schema\/logo\/image\/\",\"url\":\"https:\/\/onelifeenglish.edu.vn\/wp-content\/uploads\/2023\/10\/LOGO-VECTOR-03.webp\",\"contentUrl\":\"https:\/\/onelifeenglish.edu.vn\/wp-content\/uploads\/2023\/10\/LOGO-VECTOR-03.webp\",\"width\":101,\"height\":70,\"caption\":\"One Life English\"},\"image\":{\"@id\":\"https:\/\/onelifeenglish.edu.vn\/#\/schema\/logo\/image\/\"},\"sameAs\":[\"https:\/\/www.facebook.com\/OneLifeEnglish\"]}]}<\/script>\n<!-- \/ Yoast SEO plugin. -->","yoast_head_json":{"title":"Contact Us | One Life English","robots":{"index":"index","follow":"follow","max-snippet":"max-snippet:-1","max-image-preview":"max-image-preview:large","max-video-preview":"max-video-preview:-1"},"canonical":"https:\/\/onelifeenglish.edu.vn\/en\/contact-us-2\/","og_locale":"en_US","og_type":"article","og_title":"Contact Us | One Life English","og_url":"https:\/\/onelifeenglish.edu.vn\/en\/contact-us-2\/","og_site_name":"One Life English","article_publisher":"https:\/\/www.facebook.com\/OneLifeEnglish","article_modified_time":"2023-11-20T15:07:30+00:00","og_image":[{"url":"http:\/\/onelifeenglish.edu.vn\/wp-content\/uploads\/2023\/04\/img01-1.jpeg","type":"","width":"","height":""}],"twitter_card":"summary_large_image","twitter_misc":{"Est. reading time":"7 minutes"},"schema":{"@context":"https:\/\/schema.org","@graph":[{"@type":"WebPage","@id":"https:\/\/onelifeenglish.edu.vn\/contact-us-2\/","url":"https:\/\/onelifeenglish.edu.vn\/contact-us-2\/","name":"Contact Us | One Life English","isPartOf":{"@id":"https:\/\/onelifeenglish.edu.vn\/#website"},"datePublished":"2023-05-03T07:49:37+00:00","dateModified":"2023-11-20T15:07:30+00:00","breadcrumb":{"@id":"https:\/\/onelifeenglish.edu.vn\/contact-us-2\/#breadcrumb"},"inLanguage":"en-US","potentialAction":[{"@type":"ReadAction","target":["https:\/\/onelifeenglish.edu.vn\/contact-us-2\/"]}]},{"@type":"BreadcrumbList","@id":"https:\/\/onelifeenglish.edu.vn\/contact-us-2\/#breadcrumb","itemListElement":[{"@type":"ListItem","position":1,"name":"Home","item":"https:\/\/onelifeenglish.edu.vn\/"},{"@type":"ListItem","position":2,"name":"Contact Us"}]},{"@type":"WebSite","@id":"https:\/\/onelifeenglish.edu.vn\/#website","url":"https:\/\/onelifeenglish.edu.vn\/","name":"One Life English","description":"","publisher":{"@id":"https:\/\/onelifeenglish.edu.vn\/#organization"},"potentialAction":[{"@type":"SearchAction","target":{"@type":"EntryPoint","urlTemplate":"https:\/\/onelifeenglish.edu.vn\/?s={search_term_string}"},"query-input":{"@type":"PropertyValueSpecification","valueRequired":true,"valueName":"search_term_string"}}],"inLanguage":"en-US"},{"@type":"Organization","@id":"https:\/\/onelifeenglish.edu.vn\/#organization","name":"One Life English","url":"https:\/\/onelifeenglish.edu.vn\/","logo":{"@type":"ImageObject","inLanguage":"en-US","@id":"https:\/\/onelifeenglish.edu.vn\/#\/schema\/logo\/image\/","url":"https:\/\/onelifeenglish.edu.vn\/wp-content\/uploads\/2023\/10\/LOGO-VECTOR-03.webp","contentUrl":"https:\/\/onelifeenglish.edu.vn\/wp-content\/uploads\/2023\/10\/LOGO-VECTOR-03.webp","width":101,"height":70,"caption":"One Life English"},"image":{"@id":"https:\/\/onelifeenglish.edu.vn\/#\/schema\/logo\/image\/"},"sameAs":["https:\/\/www.facebook.com\/OneLifeEnglish"]}]}},"ticketed":false,"_links":{"self":[{"href":"https:\/\/onelifeenglish.edu.vn\/en\/wp-json\/wp\/v2\/pages\/5752","targetHints":{"allow":["GET"]}}],"collection":[{"href":"https:\/\/onelifeenglish.edu.vn\/en\/wp-json\/wp\/v2\/pages"}],"about":[{"href":"https:\/\/onelifeenglish.edu.vn\/en\/wp-json\/wp\/v2\/types\/page"}],"author":[{"embeddable":true,"href":"https:\/\/onelifeenglish.edu.vn\/en\/wp-json\/wp\/v2\/users\/1"}],"replies":[{"embeddable":true,"href":"https:\/\/onelifeenglish.edu.vn\/en\/wp-json\/wp\/v2\/comments?post=5752"}],"version-history":[{"count":5,"href":"https:\/\/onelifeenglish.edu.vn\/en\/wp-json\/wp\/v2\/pages\/5752\/revisions"}],"predecessor-version":[{"id":6347,"href":"https:\/\/onelifeenglish.edu.vn\/en\/wp-json\/wp\/v2\/pages\/5752\/revisions\/6347"}],"wp:attachment":[{"href":"https:\/\/onelifeenglish.edu.vn\/en\/wp-json\/wp\/v2\/media?parent=5752"}],"curies":[{"name":"wp","href":"https:\/\/api.w.org\/{rel}","templated":true}]}}