{"id":5684,"date":"2023-05-02T08:15:10","date_gmt":"2023-05-02T08:15:10","guid":{"rendered":"https:\/\/demo.sparklewpthemes.com\/educenter\/sparkedu\/?page_id=1121"},"modified":"2023-12-14T23:17:07","modified_gmt":"2023-12-14T16:17:07","slug":"team","status":"publish","type":"page","link":"https:\/\/onelifeenglish.edu.vn\/en\/team\/","title":{"rendered":"Team"},"content":{"rendered":"<p><div class=\"fusion-fullwidth fullwidth-box fusion-builder-row-1 fusion-flex-container has-pattern-background has-mask-background gradient-container-1 nonhundred-percent-fullwidth non-hundred-percent-height-scrolling\" style=\"--awb-border-radius-top-left:0px;--awb-border-radius-top-right:0px;--awb-border-radius-bottom-right:0px;--awb-border-radius-bottom-left:0px;--awb-padding-right-medium:90px;--awb-padding-left-medium:90px;--awb-padding-right-small:0px;--awb-padding-left-small:0px;--awb-flex-wrap:wrap;\" ><div class=\"fusion-builder-row fusion-row fusion-flex-align-items-flex-start fusion-flex-content-wrap\" style=\"max-width:1248px;margin-left: calc(-4% \/ 2 );margin-right: calc(-4% \/ 2 );\"><div class=\"fusion-layout-column fusion_builder_column fusion-builder-column-0 fusion_builder_column_1_1 1_1 fusion-flex-column\" style=\"--awb-bg-size:cover;--awb-width-large:100%;--awb-margin-top-large:0px;--awb-spacing-right-large:0%;--awb-margin-bottom-large:0px;--awb-spacing-left-large:0%;--awb-width-medium:100%;--awb-order-medium:0;--awb-spacing-right-medium:0%;--awb-spacing-left-medium:0%;--awb-width-small:100%;--awb-order-small:0;--awb-margin-top-small:0px;--awb-spacing-right-small:1.92%;--awb-spacing-left-small:1.92%;\"><div class=\"fusion-column-wrapper fusion-column-has-shadow fusion-flex-justify-content-flex-start fusion-content-layout-column\"><div class=\"fusion-title title fusion-title-1 fusion-sep-none fusion-title-center fusion-title-highlight fusion-loop-off fusion-highlight-underline fusion-title-size-one\" style=\"--awb-text-color:var(--awb-color4);--awb-highlight-top-margin:15px;--awb-highlight-width:4;--awb-font-size:50px;\" data-highlight=\"underline\"><h1 class=\"fusion-title-heading title-heading-center fusion-responsive-typography-calculated\" style=\"font-family:var(--awb-typography1-font-family);font-weight:var(--awb-typography1-font-weight);font-style:var(--awb-typography1-font-style);margin:0;font-size:1em;letter-spacing:var(--awb-typography1-letter-spacing);text-transform:uppercase;--fontSize:50;line-height:var(--awb-typography1-line-height);\"><span class=\"fusion-highlighted-text-prefix\"><\/span> <span class=\"fusion-highlighted-text-wrapper\"><span class=\"fusion-highlighted-text\"> \u0111\u1ed9i ng\u0169 gi\u00e1o vi\u00ean<\/span><\/span> <span class=\"fusion-highlighted-text-postfix\"><\/span><\/h1><\/div><div class=\"elegant-empty-space space-vertical fusion-clearfix\" style=\"height:60px;\"><\/div><div class=\"elegant-special-heading special-heading-align-center\"><div class=\"elegant-special-heading-wrapper\"><h2 class=\"elegant-special-heading-title\" style=\"font-family: &#039;Inter&#039; ;font-weight: 800;font-size:25px;color:var(--awb-color8);\">M\u1ed9t trong nh\u1eefng y\u1ebfu t\u1ed1 quan tr\u1ecdng nh\u1ea5t - quy\u1ebft \u0111\u1ecbnh th\u00e0nh c\u00f4ng c\u1ee7a ng\u01b0\u1eddi h\u1ecdc ti\u1ebfng Anh, ch\u00ednh l\u00e0 \u0111\u1ed9i ng\u0169 Gi\u1ea3ng vi\u00ean.<\/h2><div class=\"elegant-special-heading-description\" style=\"font-family: &#039;Inter&#039; ;font-weight: 500;font-size:16px;color:var(--awb-color6);\"><p>Gi\u1ea3ng vi\u00ean t\u1ea1i One Life English kh\u00f4ng ph\u1ea3i nh\u1eefng ng\u01b0\u1eddi th\u1ea7y, ng\u01b0\u1eddi c\u00f4 nh\u01b0 b\u00ecnh th\u01b0\u1eddng, m\u00e0 l\u00e0 nh\u1eefng Mentor t\u00e2m huy\u1ebft, nh\u1eefng ng\u01b0\u1eddi b\u1ea1n s\u1eb5n s\u00e0ng \u0111\u1ed3ng h\u00e0nh b\u1ea5t k\u1ec3 ng\u00e0y \u0111\u00eam tr\u00ean con \u0111\u01b0\u1eddng chinh ph\u1ee5c ti\u1ebfng Anh c\u1ee7a h\u1ecdc vi\u00ean.<\/p>\n<\/div><\/div><\/div><\/div><\/div><\/div><\/div><div class=\"fusion-fullwidth fullwidth-box fusion-builder-row-2 fusion-flex-container has-pattern-background has-mask-background gradient-container-2 nonhundred-percent-fullwidth non-hundred-percent-height-scrolling\" style=\"--awb-border-radius-top-left:0px;--awb-border-radius-top-right:0px;--awb-border-radius-bottom-right:0px;--awb-border-radius-bottom-left:0px;--awb-flex-wrap:wrap;\" ><div class=\"fusion-builder-row fusion-row fusion-flex-align-items-flex-start fusion-flex-content-wrap\" style=\"max-width:1248px;margin-left: calc(-4% \/ 2 );margin-right: calc(-4% \/ 2 );\"><div class=\"fusion-layout-column fusion_builder_column fusion-builder-column-1 fusion_builder_column_1_1 1_1 fusion-flex-column\" style=\"--awb-bg-size:cover;--awb-width-large:100%;--awb-margin-top-large:0px;--awb-spacing-right-large:1.92%;--awb-margin-bottom-large:20px;--awb-spacing-left-large:1.92%;--awb-width-medium:100%;--awb-order-medium:0;--awb-spacing-right-medium:1.92%;--awb-spacing-left-medium:1.92%;--awb-width-small:100%;--awb-order-small:0;--awb-spacing-right-small:1.92%;--awb-spacing-left-small:1.92%;\"><div class=\"fusion-column-wrapper fusion-column-has-shadow fusion-flex-justify-content-flex-start fusion-content-layout-column\"><div class=\"elegant-empty-space space-vertical fusion-clearfix\" style=\"height:60px;\"><\/div><div class=\"fusion-image-element\" style=\"--awb-caption-title-font-family:var(--h2_typography-font-family);--awb-caption-title-font-weight:var(--h2_typography-font-weight);--awb-caption-title-font-style:var(--h2_typography-font-style);--awb-caption-title-size:var(--h2_typography-font-size);--awb-caption-title-transform:var(--h2_typography-text-transform);--awb-caption-title-line-height:var(--h2_typography-line-height);--awb-caption-title-letter-spacing:var(--h2_typography-letter-spacing);\"><span class=\"fusion-imageframe imageframe-none imageframe-1 hover-type-none\" style=\"border-radius:15px;\"><img decoding=\"async\" width=\"2560\" height=\"1440\" title=\"z4819676176818_f35507aaae65f5b3bfdccc0b7936e2a4\" src=\"http:\/\/onelifeenglish.edu.vn\/wp-content\/uploads\/2023\/10\/z4819676176818_f35507aaae65f5b3bfdccc0b7936e2a4-1.jpg\" alt class=\"img-responsive wp-image-5991\" srcset=\"https:\/\/onelifeenglish.edu.vn\/wp-content\/uploads\/2023\/10\/z4819676176818_f35507aaae65f5b3bfdccc0b7936e2a4-1-200x113.jpg 200w, https:\/\/onelifeenglish.edu.vn\/wp-content\/uploads\/2023\/10\/z4819676176818_f35507aaae65f5b3bfdccc0b7936e2a4-1-400x225.jpg 400w, https:\/\/onelifeenglish.edu.vn\/wp-content\/uploads\/2023\/10\/z4819676176818_f35507aaae65f5b3bfdccc0b7936e2a4-1-600x338.jpg 600w, https:\/\/onelifeenglish.edu.vn\/wp-content\/uploads\/2023\/10\/z4819676176818_f35507aaae65f5b3bfdccc0b7936e2a4-1-800x450.jpg 800w, https:\/\/onelifeenglish.edu.vn\/wp-content\/uploads\/2023\/10\/z4819676176818_f35507aaae65f5b3bfdccc0b7936e2a4-1-1200x675.jpg 1200w, https:\/\/onelifeenglish.edu.vn\/wp-content\/uploads\/2023\/10\/z4819676176818_f35507aaae65f5b3bfdccc0b7936e2a4-1.jpg 2560w\" sizes=\"(max-width: 420px) 100vw, 1200px\" \/><\/span><\/div><div class=\"elegant-empty-space space-vertical fusion-clearfix\" style=\"height:60px;\"><\/div><\/div><\/div><\/div><\/div><div class=\"fusion-fullwidth fullwidth-box fusion-builder-row-3 fusion-flex-container has-pattern-background has-mask-background gradient-container-3 nonhundred-percent-fullwidth non-hundred-percent-height-scrolling\" style=\"--awb-border-radius-top-left:0px;--awb-border-radius-top-right:0px;--awb-border-radius-bottom-right:0px;--awb-border-radius-bottom-left:0px;--awb-padding-right-medium:90px;--awb-padding-left-medium:90px;--awb-padding-right-small:0px;--awb-padding-left-small:0px;--awb-flex-wrap:wrap;\" ><div class=\"fusion-builder-row fusion-row fusion-flex-align-items-flex-start fusion-flex-content-wrap\" style=\"max-width:1248px;margin-left: calc(-4% \/ 2 );margin-right: calc(-4% \/ 2 );\"><div class=\"fusion-layout-column fusion_builder_column fusion-builder-column-2 fusion_builder_column_1_1 1_1 fusion-flex-column\" style=\"--awb-bg-size:cover;--awb-width-large:100%;--awb-margin-top-large:0px;--awb-spacing-right-large:1.92%;--awb-margin-bottom-large:20px;--awb-spacing-left-large:1.92%;--awb-width-medium:100%;--awb-order-medium:0;--awb-spacing-right-medium:1.92%;--awb-spacing-left-medium:1.92%;--awb-width-small:100%;--awb-order-small:0;--awb-spacing-right-small:1.92%;--awb-spacing-left-small:1.92%;\"><div class=\"fusion-column-wrapper fusion-column-has-shadow fusion-flex-justify-content-flex-start fusion-content-layout-column\"><div class=\"fusion-text fusion-text-1\" style=\"--awb-font-size:var(--awb-typography4-font-size);--awb-line-height:var(--awb-typography4-line-height);--awb-letter-spacing:var(--awb-typography4-letter-spacing);--awb-text-font-family:var(--awb-typography4-font-family);--awb-text-font-weight:var(--awb-typography4-font-weight);--awb-text-font-style:var(--awb-typography4-font-style);\"><p>\u0110i\u1ec1u t\u1ea1o n\u00ean s\u1ef1 kh\u00e1c bi\u1ec7t cho \u0111\u1ed9i ng\u0169 Gi\u1ea3ng vi\u00ean t\u1ea1i One Life English l\u00e0 3 y\u1ebfu t\u1ed1: Ki\u1ebfn th\u1ee9c, K\u1ef9 n\u0103ng v\u00e0 S\u1ef1 Quan T\u00e2m. M\u1ee5c ti\u00eau l\u1edbn nh\u1ea5t c\u1ee7a Gi\u1ea3ng vi\u00ean kh\u00f4ng ch\u1ec9 l\u00e0 truy\u1ec1n \u0111\u1ea1t ki\u1ebfn th\u1ee9c, h\u1ed7 tr\u1ee3 h\u1ecdc vi\u00ean \u0111\u1ec3 c\u1ea3i thi\u1ec7n kh\u1ea3 n\u0103ng giao ti\u1ebfp ti\u1ebfng Anh; m\u00e0 quan tr\u1ecdng h\u01a1n c\u1ea3 l\u00e0 truy\u1ec1n \u0111\u1ed9ng l\u1ef1c v\u00e0 t\u1ea1o ni\u1ec1m c\u1ea3m h\u1ee9ng nh\u1eb1m gi\u00fap h\u1ecdc vi\u00ean y\u00eau th\u00edch ti\u1ebfng Anh h\u01a1n, ki\u00ean tr\u00ec v\u1edbi m\u1ee5c ti\u00eau c\u1ee7a b\u1ea3n th\u00e2n b\u1ea5t k\u1ec3 kh\u00f3 kh\u0103n hay m\u1ec7t m\u1ecfi.<\/p>\n<p>\u0110\u1ed9i ng\u0169 gi\u1ea3ng vi\u00ean t\u1ea1i One Life English n\u1ed7 l\u1ef1c h\u1ebft m\u00ecnh gi\u00fap b\u1ea1n v\u01b0\u1ee3t qua r\u00e0o c\u1ea3n ng\u00f4n ng\u1eef.<\/p>\n<\/div><\/div><\/div><\/div><\/div><div class=\"fusion-fullwidth fullwidth-box fusion-builder-row-4 fusion-flex-container has-pattern-background has-mask-background gradient-container-4 nonhundred-percent-fullwidth non-hundred-percent-height-scrolling\" style=\"--awb-border-radius-top-left:0px;--awb-border-radius-top-right:0px;--awb-border-radius-bottom-right:0px;--awb-border-radius-bottom-left:0px;--awb-padding-right-medium:90px;--awb-padding-left-medium:90px;--awb-padding-right-small:0px;--awb-padding-left-small:0px;--awb-flex-wrap:wrap;\" ><div class=\"fusion-builder-row fusion-row fusion-flex-align-items-flex-start fusion-flex-content-wrap\" style=\"max-width:1248px;margin-left: calc(-4% \/ 2 );margin-right: calc(-4% \/ 2 );\"><div class=\"fusion-layout-column fusion_builder_column fusion-builder-column-3 fusion_builder_column_1_1 1_1 fusion-flex-column\" style=\"--awb-bg-size:cover;--awb-width-large:100%;--awb-margin-top-large:0px;--awb-spacing-right-large:1.92%;--awb-margin-bottom-large:20px;--awb-spacing-left-large:1.92%;--awb-width-medium:100%;--awb-order-medium:0;--awb-spacing-right-medium:1.92%;--awb-spacing-left-medium:1.92%;--awb-width-small:100%;--awb-order-small:0;--awb-spacing-right-small:1.92%;--awb-spacing-left-small:1.92%;\"><div class=\"fusion-column-wrapper fusion-column-has-shadow fusion-flex-justify-content-flex-start fusion-content-layout-column\"><div class=\"elegant-empty-space space-vertical fusion-clearfix\" style=\"height:60px;\"><\/div><div class=\"awb-gallery-wrapper awb-gallery-wrapper-1 button-span-no\" style=\"--more-btn-alignment:center;\"><div style=\"margin:-10px;--awb-bordersize:0px;\" class=\"fusion-gallery fusion-gallery-container fusion-grid-3 fusion-columns-total-6 fusion-gallery-layout-grid fusion-gallery-1\"><div style=\"padding:10px;\" class=\"fusion-grid-column fusion-gallery-column fusion-gallery-column-3 hover-type-zoomin\"><div class=\"fusion-gallery-image\"><a href=\"https:\/\/onelifeenglish.edu.vn\/wp-content\/uploads\/2023\/11\/z4896148080527_15c8b41b433cad81781e3b3810bdb6ad.jpg\" rel=\"noreferrer\" data-rel=\"iLightbox[gallery_image_1]\" class=\"fusion-lightbox\" target=\"_self\"><img decoding=\"async\" src=\"https:\/\/onelifeenglish.edu.vn\/wp-content\/uploads\/2023\/11\/z4896148080527_15c8b41b433cad81781e3b3810bdb6ad.jpg\" width=\"720\" height=\"534\" alt=\"\" title=\"z4896148080527_15c8b41b433cad81781e3b3810bdb6ad\" aria-label=\"z4896148080527_15c8b41b433cad81781e3b3810bdb6ad\" class=\"img-responsive wp-image-6333\"  \/><\/a><\/div><\/div><div style=\"padding:10px;\" class=\"fusion-grid-column fusion-gallery-column fusion-gallery-column-3 hover-type-zoomin\"><div class=\"fusion-gallery-image\"><a href=\"https:\/\/onelifeenglish.edu.vn\/wp-content\/uploads\/2023\/11\/z4896148081146_ed047676efeab826b9c6cd1e3262ad50.jpg\" rel=\"noreferrer\" data-rel=\"iLightbox[gallery_image_1]\" class=\"fusion-lightbox\" target=\"_self\"><img decoding=\"async\" src=\"https:\/\/onelifeenglish.edu.vn\/wp-content\/uploads\/2023\/11\/z4896148081146_ed047676efeab826b9c6cd1e3262ad50.jpg\" width=\"720\" height=\"516\" alt=\"\" title=\"z4896148081146_ed047676efeab826b9c6cd1e3262ad50\" aria-label=\"z4896148081146_ed047676efeab826b9c6cd1e3262ad50\" class=\"img-responsive wp-image-6338\" srcset=\"https:\/\/onelifeenglish.edu.vn\/wp-content\/uploads\/2023\/11\/z4896148081146_ed047676efeab826b9c6cd1e3262ad50-200x143.jpg 200w, https:\/\/onelifeenglish.edu.vn\/wp-content\/uploads\/2023\/11\/z4896148081146_ed047676efeab826b9c6cd1e3262ad50-400x287.jpg 400w, https:\/\/onelifeenglish.edu.vn\/wp-content\/uploads\/2023\/11\/z4896148081146_ed047676efeab826b9c6cd1e3262ad50-600x430.jpg 600w, https:\/\/onelifeenglish.edu.vn\/wp-content\/uploads\/2023\/11\/z4896148081146_ed047676efeab826b9c6cd1e3262ad50.jpg 720w\" sizes=\"(min-width: 2200px) 100vw, (min-width: 784px) 393px, (min-width: 712px) 590px, (min-width: 640px) 712px, \" \/><\/a><\/div><\/div><div style=\"padding:10px;\" class=\"fusion-grid-column fusion-gallery-column fusion-gallery-column-3 hover-type-zoomin\"><div class=\"fusion-gallery-image\"><a href=\"https:\/\/onelifeenglish.edu.vn\/wp-content\/uploads\/2023\/11\/z4896148081145_8127a28840df5a121060cc800b88446e.jpg\" rel=\"noreferrer\" data-rel=\"iLightbox[gallery_image_1]\" class=\"fusion-lightbox\" target=\"_self\"><img decoding=\"async\" src=\"https:\/\/onelifeenglish.edu.vn\/wp-content\/uploads\/2023\/11\/z4896148081145_8127a28840df5a121060cc800b88446e.jpg\" width=\"702\" height=\"960\" alt=\"\" title=\"z4896148081145_8127a28840df5a121060cc800b88446e\" aria-label=\"z4896148081145_8127a28840df5a121060cc800b88446e\" class=\"img-responsive wp-image-6337\" srcset=\"https:\/\/onelifeenglish.edu.vn\/wp-content\/uploads\/2023\/11\/z4896148081145_8127a28840df5a121060cc800b88446e-200x274.jpg 200w, https:\/\/onelifeenglish.edu.vn\/wp-content\/uploads\/2023\/11\/z4896148081145_8127a28840df5a121060cc800b88446e-400x547.jpg 400w, https:\/\/onelifeenglish.edu.vn\/wp-content\/uploads\/2023\/11\/z4896148081145_8127a28840df5a121060cc800b88446e-600x821.jpg 600w, https:\/\/onelifeenglish.edu.vn\/wp-content\/uploads\/2023\/11\/z4896148081145_8127a28840df5a121060cc800b88446e.jpg 702w\" sizes=\"(min-width: 2200px) 100vw, (min-width: 784px) 393px, (min-width: 712px) 590px, (min-width: 640px) 712px, \" \/><\/a><\/div><\/div><div class=\"clearfix\"><\/div><div style=\"padding:10px;\" class=\"fusion-grid-column fusion-gallery-column fusion-gallery-column-3 hover-type-zoomin\"><div class=\"fusion-gallery-image\"><a href=\"https:\/\/onelifeenglish.edu.vn\/wp-content\/uploads\/2023\/11\/z4896148081144_46c3dc713b94e4c4f91e13766cef952b.jpg\" rel=\"noreferrer\" data-rel=\"iLightbox[gallery_image_1]\" class=\"fusion-lightbox\" target=\"_self\"><img decoding=\"async\" src=\"https:\/\/onelifeenglish.edu.vn\/wp-content\/uploads\/2023\/11\/z4896148081144_46c3dc713b94e4c4f91e13766cef952b.jpg\" width=\"750\" height=\"885\" alt=\"\" title=\"z4896148081144_46c3dc713b94e4c4f91e13766cef952b\" aria-label=\"z4896148081144_46c3dc713b94e4c4f91e13766cef952b\" class=\"img-responsive wp-image-6336\" srcset=\"https:\/\/onelifeenglish.edu.vn\/wp-content\/uploads\/2023\/11\/z4896148081144_46c3dc713b94e4c4f91e13766cef952b-200x236.jpg 200w, https:\/\/onelifeenglish.edu.vn\/wp-content\/uploads\/2023\/11\/z4896148081144_46c3dc713b94e4c4f91e13766cef952b-400x472.jpg 400w, https:\/\/onelifeenglish.edu.vn\/wp-content\/uploads\/2023\/11\/z4896148081144_46c3dc713b94e4c4f91e13766cef952b-600x708.jpg 600w, https:\/\/onelifeenglish.edu.vn\/wp-content\/uploads\/2023\/11\/z4896148081144_46c3dc713b94e4c4f91e13766cef952b.jpg 750w\" sizes=\"(min-width: 2200px) 100vw, (min-width: 784px) 393px, (min-width: 712px) 590px, (min-width: 640px) 712px, \" \/><\/a><\/div><\/div><div style=\"padding:10px;\" class=\"fusion-grid-column fusion-gallery-column fusion-gallery-column-3 hover-type-zoomin\"><div class=\"fusion-gallery-image\"><a href=\"https:\/\/onelifeenglish.edu.vn\/wp-content\/uploads\/2023\/11\/z4896148081143_679cec489ff513cb4508e7fda9bac160.jpg\" rel=\"noreferrer\" data-rel=\"iLightbox[gallery_image_1]\" class=\"fusion-lightbox\" target=\"_self\"><img decoding=\"async\" src=\"https:\/\/onelifeenglish.edu.vn\/wp-content\/uploads\/2023\/11\/z4896148081143_679cec489ff513cb4508e7fda9bac160.jpg\" width=\"720\" height=\"609\" alt=\"\" title=\"z4896148081143_679cec489ff513cb4508e7fda9bac160\" aria-label=\"z4896148081143_679cec489ff513cb4508e7fda9bac160\" class=\"img-responsive wp-image-6335\" srcset=\"https:\/\/onelifeenglish.edu.vn\/wp-content\/uploads\/2023\/11\/z4896148081143_679cec489ff513cb4508e7fda9bac160-200x169.jpg 200w, https:\/\/onelifeenglish.edu.vn\/wp-content\/uploads\/2023\/11\/z4896148081143_679cec489ff513cb4508e7fda9bac160-400x338.jpg 400w, https:\/\/onelifeenglish.edu.vn\/wp-content\/uploads\/2023\/11\/z4896148081143_679cec489ff513cb4508e7fda9bac160-600x508.jpg 600w, https:\/\/onelifeenglish.edu.vn\/wp-content\/uploads\/2023\/11\/z4896148081143_679cec489ff513cb4508e7fda9bac160.jpg 720w\" sizes=\"(min-width: 2200px) 100vw, (min-width: 784px) 393px, (min-width: 712px) 590px, (min-width: 640px) 712px, \" \/><\/a><\/div><\/div><div style=\"padding:10px;\" class=\"fusion-grid-column fusion-gallery-column fusion-gallery-column-3 hover-type-zoomin\"><div class=\"fusion-gallery-image\"><a href=\"https:\/\/onelifeenglish.edu.vn\/wp-content\/uploads\/2023\/11\/z4896148081142_5fd1d8f33055092b8f1420fee2a20c91.jpg\" rel=\"noreferrer\" data-rel=\"iLightbox[gallery_image_1]\" class=\"fusion-lightbox\" target=\"_self\"><img decoding=\"async\" src=\"https:\/\/onelifeenglish.edu.vn\/wp-content\/uploads\/2023\/11\/z4896148081142_5fd1d8f33055092b8f1420fee2a20c91.jpg\" width=\"720\" height=\"489\" alt=\"\" title=\"z4896148081142_5fd1d8f33055092b8f1420fee2a20c91\" aria-label=\"z4896148081142_5fd1d8f33055092b8f1420fee2a20c91\" class=\"img-responsive wp-image-6334\" srcset=\"https:\/\/onelifeenglish.edu.vn\/wp-content\/uploads\/2023\/11\/z4896148081142_5fd1d8f33055092b8f1420fee2a20c91-200x136.jpg 200w, https:\/\/onelifeenglish.edu.vn\/wp-content\/uploads\/2023\/11\/z4896148081142_5fd1d8f33055092b8f1420fee2a20c91-400x272.jpg 400w, https:\/\/onelifeenglish.edu.vn\/wp-content\/uploads\/2023\/11\/z4896148081142_5fd1d8f33055092b8f1420fee2a20c91-600x408.jpg 600w, https:\/\/onelifeenglish.edu.vn\/wp-content\/uploads\/2023\/11\/z4896148081142_5fd1d8f33055092b8f1420fee2a20c91.jpg 720w\" sizes=\"(min-width: 2200px) 100vw, (min-width: 784px) 393px, (min-width: 712px) 590px, (min-width: 640px) 712px, \" \/><\/a><\/div><\/div><div class=\"clearfix\"><\/div><\/div><\/div><\/div><\/div><\/div><\/div><\/p>","protected":false},"excerpt":{"rendered":"","protected":false},"author":1,"featured_media":0,"parent":0,"menu_order":0,"comment_status":"closed","ping_status":"closed","template":"full-width.php","meta":{"_price":"","_stock":"","_tribe_ticket_header":"","_tribe_default_ticket_provider":"","_tribe_ticket_capacity":"0","_ticket_start_date":"","_ticket_end_date":"","_tribe_ticket_show_description":"","_tribe_ticket_show_not_going":false,"_tribe_ticket_use_global_stock":"","_tribe_ticket_global_stock_level":"","_global_stock_mode":"","_global_stock_cap":"","_tribe_rsvp_for_event":"","_tribe_ticket_going_count":"","_tribe_ticket_not_going_count":"","_tribe_tickets_list":"[]","_tribe_ticket_has_attendee_info_fields":false,"footnotes":"","_tec_slr_enabled":"","_tec_slr_layout":""},"class_list":["post-5684","page","type-page","status-publish","hentry"],"yoast_head":"<!-- This site is optimized with the Yoast SEO plugin v26.7 - https:\/\/yoast.com\/wordpress\/plugins\/seo\/ -->\n<title>Team | One Life English<\/title>\n<meta name=\"robots\" content=\"index, follow, max-snippet:-1, max-image-preview:large, max-video-preview:-1\" \/>\n<link rel=\"canonical\" href=\"https:\/\/onelifeenglish.edu.vn\/en\/team\/\" \/>\n<meta property=\"og:locale\" content=\"en_US\" \/>\n<meta property=\"og:type\" content=\"article\" \/>\n<meta property=\"og:title\" content=\"Team | One Life English\" \/>\n<meta property=\"og:url\" content=\"https:\/\/onelifeenglish.edu.vn\/en\/team\/\" \/>\n<meta property=\"og:site_name\" content=\"One Life English\" \/>\n<meta property=\"article:publisher\" content=\"https:\/\/www.facebook.com\/OneLifeEnglish\" \/>\n<meta property=\"article:modified_time\" content=\"2023-12-14T16:17:07+00:00\" \/>\n<meta property=\"og:image\" content=\"http:\/\/onelifeenglish.edu.vn\/wp-content\/uploads\/2023\/04\/img01-1.jpeg\" \/>\n<meta name=\"twitter:card\" content=\"summary_large_image\" \/>\n<meta name=\"twitter:label1\" content=\"Est. reading time\" \/>\n\t<meta name=\"twitter:data1\" content=\"15 minutes\" \/>\n<script type=\"application\/ld+json\" class=\"yoast-schema-graph\">{\"@context\":\"https:\/\/schema.org\",\"@graph\":[{\"@type\":\"WebPage\",\"@id\":\"https:\/\/onelifeenglish.edu.vn\/team\/\",\"url\":\"https:\/\/onelifeenglish.edu.vn\/team\/\",\"name\":\"Team | One Life English\",\"isPartOf\":{\"@id\":\"https:\/\/onelifeenglish.edu.vn\/#website\"},\"datePublished\":\"2023-05-02T08:15:10+00:00\",\"dateModified\":\"2023-12-14T16:17:07+00:00\",\"breadcrumb\":{\"@id\":\"https:\/\/onelifeenglish.edu.vn\/team\/#breadcrumb\"},\"inLanguage\":\"en-US\",\"potentialAction\":[{\"@type\":\"ReadAction\",\"target\":[\"https:\/\/onelifeenglish.edu.vn\/team\/\"]}]},{\"@type\":\"BreadcrumbList\",\"@id\":\"https:\/\/onelifeenglish.edu.vn\/team\/#breadcrumb\",\"itemListElement\":[{\"@type\":\"ListItem\",\"position\":1,\"name\":\"Home\",\"item\":\"https:\/\/onelifeenglish.edu.vn\/\"},{\"@type\":\"ListItem\",\"position\":2,\"name\":\"Team\"}]},{\"@type\":\"WebSite\",\"@id\":\"https:\/\/onelifeenglish.edu.vn\/#website\",\"url\":\"https:\/\/onelifeenglish.edu.vn\/\",\"name\":\"One Life English\",\"description\":\"\",\"publisher\":{\"@id\":\"https:\/\/onelifeenglish.edu.vn\/#organization\"},\"potentialAction\":[{\"@type\":\"SearchAction\",\"target\":{\"@type\":\"EntryPoint\",\"urlTemplate\":\"https:\/\/onelifeenglish.edu.vn\/?s={search_term_string}\"},\"query-input\":{\"@type\":\"PropertyValueSpecification\",\"valueRequired\":true,\"valueName\":\"search_term_string\"}}],\"inLanguage\":\"en-US\"},{\"@type\":\"Organization\",\"@id\":\"https:\/\/onelifeenglish.edu.vn\/#organization\",\"name\":\"One Life English\",\"url\":\"https:\/\/onelifeenglish.edu.vn\/\",\"logo\":{\"@type\":\"ImageObject\",\"inLanguage\":\"en-US\",\"@id\":\"https:\/\/onelifeenglish.edu.vn\/#\/schema\/logo\/image\/\",\"url\":\"https:\/\/onelifeenglish.edu.vn\/wp-content\/uploads\/2023\/10\/LOGO-VECTOR-03.webp\",\"contentUrl\":\"https:\/\/onelifeenglish.edu.vn\/wp-content\/uploads\/2023\/10\/LOGO-VECTOR-03.webp\",\"width\":101,\"height\":70,\"caption\":\"One Life English\"},\"image\":{\"@id\":\"https:\/\/onelifeenglish.edu.vn\/#\/schema\/logo\/image\/\"},\"sameAs\":[\"https:\/\/www.facebook.com\/OneLifeEnglish\"]}]}<\/script>\n<!-- \/ Yoast SEO plugin. -->","yoast_head_json":{"title":"Team | One Life English","robots":{"index":"index","follow":"follow","max-snippet":"max-snippet:-1","max-image-preview":"max-image-preview:large","max-video-preview":"max-video-preview:-1"},"canonical":"https:\/\/onelifeenglish.edu.vn\/en\/team\/","og_locale":"en_US","og_type":"article","og_title":"Team | One Life English","og_url":"https:\/\/onelifeenglish.edu.vn\/en\/team\/","og_site_name":"One Life English","article_publisher":"https:\/\/www.facebook.com\/OneLifeEnglish","article_modified_time":"2023-12-14T16:17:07+00:00","og_image":[{"url":"http:\/\/onelifeenglish.edu.vn\/wp-content\/uploads\/2023\/04\/img01-1.jpeg","type":"","width":"","height":""}],"twitter_card":"summary_large_image","twitter_misc":{"Est. reading time":"15 minutes"},"schema":{"@context":"https:\/\/schema.org","@graph":[{"@type":"WebPage","@id":"https:\/\/onelifeenglish.edu.vn\/team\/","url":"https:\/\/onelifeenglish.edu.vn\/team\/","name":"Team | One Life English","isPartOf":{"@id":"https:\/\/onelifeenglish.edu.vn\/#website"},"datePublished":"2023-05-02T08:15:10+00:00","dateModified":"2023-12-14T16:17:07+00:00","breadcrumb":{"@id":"https:\/\/onelifeenglish.edu.vn\/team\/#breadcrumb"},"inLanguage":"en-US","potentialAction":[{"@type":"ReadAction","target":["https:\/\/onelifeenglish.edu.vn\/team\/"]}]},{"@type":"BreadcrumbList","@id":"https:\/\/onelifeenglish.edu.vn\/team\/#breadcrumb","itemListElement":[{"@type":"ListItem","position":1,"name":"Home","item":"https:\/\/onelifeenglish.edu.vn\/"},{"@type":"ListItem","position":2,"name":"Team"}]},{"@type":"WebSite","@id":"https:\/\/onelifeenglish.edu.vn\/#website","url":"https:\/\/onelifeenglish.edu.vn\/","name":"One Life English","description":"","publisher":{"@id":"https:\/\/onelifeenglish.edu.vn\/#organization"},"potentialAction":[{"@type":"SearchAction","target":{"@type":"EntryPoint","urlTemplate":"https:\/\/onelifeenglish.edu.vn\/?s={search_term_string}"},"query-input":{"@type":"PropertyValueSpecification","valueRequired":true,"valueName":"search_term_string"}}],"inLanguage":"en-US"},{"@type":"Organization","@id":"https:\/\/onelifeenglish.edu.vn\/#organization","name":"One Life English","url":"https:\/\/onelifeenglish.edu.vn\/","logo":{"@type":"ImageObject","inLanguage":"en-US","@id":"https:\/\/onelifeenglish.edu.vn\/#\/schema\/logo\/image\/","url":"https:\/\/onelifeenglish.edu.vn\/wp-content\/uploads\/2023\/10\/LOGO-VECTOR-03.webp","contentUrl":"https:\/\/onelifeenglish.edu.vn\/wp-content\/uploads\/2023\/10\/LOGO-VECTOR-03.webp","width":101,"height":70,"caption":"One Life English"},"image":{"@id":"https:\/\/onelifeenglish.edu.vn\/#\/schema\/logo\/image\/"},"sameAs":["https:\/\/www.facebook.com\/OneLifeEnglish"]}]}},"ticketed":false,"_links":{"self":[{"href":"https:\/\/onelifeenglish.edu.vn\/en\/wp-json\/wp\/v2\/pages\/5684","targetHints":{"allow":["GET"]}}],"collection":[{"href":"https:\/\/onelifeenglish.edu.vn\/en\/wp-json\/wp\/v2\/pages"}],"about":[{"href":"https:\/\/onelifeenglish.edu.vn\/en\/wp-json\/wp\/v2\/types\/page"}],"author":[{"embeddable":true,"href":"https:\/\/onelifeenglish.edu.vn\/en\/wp-json\/wp\/v2\/users\/1"}],"replies":[{"embeddable":true,"href":"https:\/\/onelifeenglish.edu.vn\/en\/wp-json\/wp\/v2\/comments?post=5684"}],"version-history":[{"count":0,"href":"https:\/\/onelifeenglish.edu.vn\/en\/wp-json\/wp\/v2\/pages\/5684\/revisions"}],"wp:attachment":[{"href":"https:\/\/onelifeenglish.edu.vn\/en\/wp-json\/wp\/v2\/media?parent=5684"}],"curies":[{"name":"wp","href":"https:\/\/api.w.org\/{rel}","templated":true}]}}