{"id":283,"date":"2023-04-28T10:30:18","date_gmt":"2023-04-28T03:30:18","guid":{"rendered":"https:\/\/demo.sparklewpthemes.com\/educenter\/sparkedu\/?page_id=283"},"modified":"2023-11-20T21:54:52","modified_gmt":"2023-11-20T14:54:52","slug":"ve-chung-toi","status":"publish","type":"page","link":"https:\/\/onelifeenglish.edu.vn\/en\/ve-chung-toi\/","title":{"rendered":"About Us"},"content":{"rendered":"<p><div class=\"fusion-fullwidth fullwidth-box fusion-builder-row-1 fusion-flex-container gradient-container-1 hundred-percent-fullwidth non-hundred-percent-height-scrolling\" style=\"--link_hover_color: #c0c479;--awb-border-sizes-top:0px;--awb-border-sizes-bottom:0px;--awb-border-sizes-left:0px;--awb-border-sizes-right:0px;--awb-border-radius-top-left:0px;--awb-border-radius-top-right:0px;--awb-border-radius-bottom-right:0px;--awb-border-radius-bottom-left:0px;--awb-padding-top:0px;--awb-padding-right:30px;--awb-padding-bottom:30px;--awb-padding-left:30px;--awb-padding-top-medium:0px;--awb-padding-right-medium:0px;--awb-padding-left-medium:0px;--awb-padding-right-small:0px;--awb-padding-bottom-small:0px;--awb-padding-left-small:0px;--awb-margin-top:0px;--awb-margin-bottom:45px;--awb-margin-bottom-medium:70px;--awb-margin-bottom-small:60px;--awb-flex-wrap:wrap;\" ><div class=\"fusion-builder-row fusion-row fusion-flex-align-items-center fusion-flex-justify-content-center fusion-flex-content-wrap\" style=\"width:104% !important;max-width:104% !important;margin-left: calc(-4% \/ 2 );margin-right: calc(-4% \/ 2 );\"><div class=\"fusion-layout-column fusion_builder_column fusion-builder-column-0 fusion_builder_column_1_1 1_1 fusion-flex-column fusion-flex-align-self-center fusion-animated\" style=\"--awb-bg-size:cover;--awb-width-large:100%;--awb-margin-top-large:0px;--awb-spacing-right-large:0%;--awb-margin-bottom-large:70px;--awb-spacing-left-large:0%;--awb-width-medium:100%;--awb-order-medium:0;--awb-spacing-right-medium:0%;--awb-margin-bottom-medium:70px;--awb-spacing-left-medium:0%;--awb-width-small:100%;--awb-order-small:0;--awb-spacing-right-small:1.92%;--awb-margin-bottom-small:60px;--awb-spacing-left-small:1.92%;\" data-animationtype=\"fadeInUp\" data-animationduration=\"1.3\" data-animationoffset=\"top-into-view\"><div class=\"fusion-column-wrapper fusion-column-has-shadow fusion-flex-justify-content-center fusion-content-layout-row\"><div class=\"fusion-image-element\" style=\"--awb-aspect-ratio:2 \/ 1;--awb-caption-title-font-family:var(--h2_typography-font-family);--awb-caption-title-font-weight:var(--h2_typography-font-weight);--awb-caption-title-font-style:var(--h2_typography-font-style);--awb-caption-title-size:var(--h2_typography-font-size);--awb-caption-title-transform:var(--h2_typography-text-transform);--awb-caption-title-line-height:var(--h2_typography-line-height);--awb-caption-title-letter-spacing:var(--h2_typography-letter-spacing);\"><span class=\"fusion-imageframe imageframe-none imageframe-1 hover-type-none has-aspect-ratio\"><img decoding=\"async\" width=\"2560\" height=\"947\" title=\"z4896182256316_ab243c8475bc12812bfaf9a4c635fb04\" src=\"http:\/\/onelifeenglish.edu.vn\/wp-content\/uploads\/2023\/11\/z4896182256316_ab243c8475bc12812bfaf9a4c635fb04.jpg\" class=\"img-responsive wp-image-6340 img-with-aspect-ratio\" alt srcset=\"https:\/\/onelifeenglish.edu.vn\/wp-content\/uploads\/2023\/11\/z4896182256316_ab243c8475bc12812bfaf9a4c635fb04-200x74.jpg 200w, https:\/\/onelifeenglish.edu.vn\/wp-content\/uploads\/2023\/11\/z4896182256316_ab243c8475bc12812bfaf9a4c635fb04-400x148.jpg 400w, https:\/\/onelifeenglish.edu.vn\/wp-content\/uploads\/2023\/11\/z4896182256316_ab243c8475bc12812bfaf9a4c635fb04-600x222.jpg 600w, https:\/\/onelifeenglish.edu.vn\/wp-content\/uploads\/2023\/11\/z4896182256316_ab243c8475bc12812bfaf9a4c635fb04-800x296.jpg 800w, https:\/\/onelifeenglish.edu.vn\/wp-content\/uploads\/2023\/11\/z4896182256316_ab243c8475bc12812bfaf9a4c635fb04-1200x444.jpg 1200w, https:\/\/onelifeenglish.edu.vn\/wp-content\/uploads\/2023\/11\/z4896182256316_ab243c8475bc12812bfaf9a4c635fb04.jpg 2560w\" sizes=\"(max-width: 420px) 100vw, 2560px\" \/><\/span><\/div><\/div><\/div><div class=\"fusion-layout-column fusion_builder_column fusion-builder-column-1 fusion_builder_column_4_5 4_5 fusion-flex-column\" style=\"--awb-bg-size:cover;--awb-width-large:80%;--awb-margin-top-large:0px;--awb-spacing-right-large:2.4%;--awb-margin-bottom-large:20px;--awb-spacing-left-large:2.4%;--awb-width-medium:80%;--awb-order-medium:0;--awb-spacing-right-medium:2.4%;--awb-spacing-left-medium:2.4%;--awb-width-small:80%;--awb-order-small:0;--awb-spacing-right-small:2.4%;--awb-margin-bottom-small:0px;--awb-spacing-left-small:2.4%;\"><div class=\"fusion-column-wrapper fusion-column-has-shadow fusion-flex-justify-content-flex-start fusion-content-layout-column\"><div class=\"fusion-text fusion-text-1\" style=\"--awb-content-alignment:center;--awb-font-size:20px;--awb-line-height:var(--awb-typography3-line-height);--awb-letter-spacing:var(--awb-typography3-letter-spacing);--awb-text-transform:var(--awb-typography3-text-transform);--awb-text-color:var(--awb-color8);--awb-text-font-family:var(--awb-typography3-font-family);--awb-text-font-weight:var(--awb-typography3-font-weight);--awb-text-font-style:var(--awb-typography3-font-style);\"><p><b>One Life English &amp; Visa<\/b> l\u00e0 n\u01a1i gi\u00fap ng\u01b0\u1eddi Vi\u1ec7t Nam t\u1ef1 tin s\u1eed d\u1ee5ng Ti\u1ebfng Anh nh\u01b0 ng\u01b0\u1eddi b\u1ea3n x\u1ee9 \u0111\u1ec3 s\u00e1nh t\u1ea7m qu\u1ed1c t\u1ebf. Th\u00f4ng qua Ti\u1ebfng Anh, ch\u00fang t\u00f4i s\u1ebd gi\u00fap b\u1ea1n thay \u0111\u1ed5i m\u1ed9t ph\u1ea7n cu\u1ed9c s\u1ed1ng c\u1ee7a b\u1ea1n tr\u1edf n\u00ean t\u1ed1t \u0111\u1eb9p h\u01a1n (D\u1ec5 d\u00e0ng ti\u1ebfp c\u1eadn tri th\u1ee9c th\u1ebf gi\u1edbi, thu nh\u1eadp cao h\u01a1n, \u0111\u01b0\u1ee3c nhi\u1ec1u ng\u01b0\u1eddi t\u00f4n tr\u1ecdng v\u00e0 ng\u01b0\u1ee1ng m\u1ed9 h\u01a1n v\u00e0 c\u00f3 c\u01a1 h\u1ed9i tr\u1ea3i nghi\u1ec7m to\u00e0n c\u1ea7u,\u2026)<\/p>\n<\/div><\/div><\/div><\/div><\/div><div class=\"fusion-fullwidth fullwidth-box fusion-builder-row-2 fusion-flex-container gradient-container-2 nonhundred-percent-fullwidth non-hundred-percent-height-scrolling\" style=\"--link_hover_color: #c0c479;--awb-border-sizes-top:0px;--awb-border-sizes-bottom:0px;--awb-border-sizes-left:0px;--awb-border-sizes-right:0px;--awb-border-radius-top-left:0px;--awb-border-radius-top-right:0px;--awb-border-radius-bottom-right:0px;--awb-border-radius-bottom-left:0px;--awb-padding-top:0px;--awb-padding-right:30px;--awb-padding-bottom:110px;--awb-padding-left:30px;--awb-padding-right-medium:50px;--awb-padding-bottom-medium:0px;--awb-padding-left-medium:50px;--awb-padding-right-small:40px;--awb-padding-left-small:40px;--awb-margin-top:0px;--awb-margin-bottom:0px;--awb-margin-bottom-medium:70px;--awb-margin-bottom-small:60px;--awb-background-color:#ffffff;--awb-flex-wrap:wrap;\" ><div class=\"fusion-builder-row fusion-row fusion-flex-align-items-stretch fusion-flex-content-wrap\" style=\"max-width:1248px;margin-left: calc(-4% \/ 2 );margin-right: calc(-4% \/ 2 );\"><div class=\"fusion-layout-column fusion_builder_column fusion-builder-column-2 fusion_builder_column_1_1 1_1 fusion-flex-column fusion-animated\" style=\"--awb-bg-size:cover;--awb-width-large:100%;--awb-margin-top-large:0px;--awb-spacing-right-large:1.92%;--awb-margin-bottom-large:38px;--awb-spacing-left-large:1.92%;--awb-width-medium:100%;--awb-order-medium:0;--awb-spacing-right-medium:1.92%;--awb-margin-bottom-medium:30px;--awb-spacing-left-medium:1.92%;--awb-width-small:100%;--awb-order-small:0;--awb-spacing-right-small:1.92%;--awb-margin-bottom-small:60px;--awb-spacing-left-small:1.92%;\" data-animationtype=\"fadeInUp\" data-animationduration=\"1.3\" data-animationoffset=\"top-into-view\"><div class=\"fusion-column-wrapper fusion-column-has-shadow fusion-flex-justify-content-flex-start fusion-content-layout-column\"><div class=\"fusion-title title fusion-title-1 fusion-no-small-visibility fusion-no-medium-visibility fusion-sep-none fusion-title-center fusion-title-highlight fusion-loop-off fusion-highlight-underline fusion-title-size-two\" style=\"--awb-text-color:var(--awb-color4);--awb-highlight-top-margin:8px;--awb-highlight-width:5;--awb-margin-top:0px;--awb-margin-bottom:30px;--awb-font-size:var(--awb-typography1-font-size);\" data-highlight=\"underline\"><h2 class=\"fusion-title-heading title-heading-center fusion-responsive-typography-calculated\" style=\"font-family:var(--awb-typography1-font-family);font-weight:var(--awb-typography1-font-weight);font-style:var(--awb-typography1-font-style);margin:0;font-size:1em;letter-spacing:var(--awb-typography1-letter-spacing);text-transform:var(--awb-typography1-text-transform);--fontSize:48;line-height:var(--awb-typography1-line-height);\"><span class=\"fusion-highlighted-text-prefix\"><\/span> <span class=\"fusion-highlighted-text-wrapper\"><span class=\"fusion-highlighted-text\">S\u1ee8 M\u1ec6NH<\/span><\/span> <span class=\"fusion-highlighted-text-postfix\"><\/span><\/h2><\/div><div class=\"fusion-title title fusion-title-2 fusion-no-large-visibility fusion-sep-none fusion-title-center fusion-title-text fusion-title-size-two\" style=\"--awb-text-color:var(--awb-color4);--awb-margin-top:0px;--awb-margin-bottom:30px;--awb-margin-bottom-medium:20px;--awb-font-size:40px;\"><h2 class=\"fusion-title-heading title-heading-center fusion-responsive-typography-calculated\" style=\"font-family:var(--awb-typography1-font-family);font-weight:var(--awb-typography1-font-weight);font-style:var(--awb-typography1-font-style);margin:0;font-size:1em;letter-spacing:var(--awb-typography1-letter-spacing);text-transform:var(--awb-typography1-text-transform);--fontSize:40;line-height:var(--awb-typography1-line-height);\">S\u1ee8 M\u1ec6NH<\/h2><\/div><\/div><\/div><div class=\"fusion-layout-column fusion_builder_column fusion-builder-column-3 fusion_builder_column_1_3 1_3 fusion-flex-column fusion-animated\" style=\"--awb-padding-top:80px;--awb-padding-right:30px;--awb-padding-bottom:80px;--awb-padding-left:30px;--awb-padding-top-medium:60px;--awb-padding-right-medium:45px;--awb-padding-bottom-medium:60px;--awb-padding-left-medium:45px;--awb-overflow:hidden;--awb-bg-color:#ffffff;--awb-bg-color-hover:#ffffff;--awb-bg-size:cover;--awb-border-color:#d1d1d1;--awb-border-top:1px;--awb-border-right:1px;--awb-border-bottom:1px;--awb-border-left:1px;--awb-border-style:solid;--awb-border-radius:12px 12px 12px 12px;--awb-width-large:33.333333333333%;--awb-margin-top-large:0px;--awb-spacing-right-large:5.76%;--awb-margin-bottom-large:0px;--awb-spacing-left-large:5.76%;--awb-width-medium:33.333333333333%;--awb-order-medium:0;--awb-spacing-right-medium:5.76%;--awb-spacing-left-medium:5.76%;--awb-width-small:100%;--awb-order-small:1;--awb-spacing-right-small:1.92%;--awb-margin-bottom-small:20px;--awb-spacing-left-small:1.92%;\" data-animationtype=\"fadeInUp\" data-animationduration=\"1.3\" data-animationoffset=\"top-into-view\"><div class=\"fusion-column-wrapper fusion-column-has-shadow fusion-flex-justify-content-center fusion-content-layout-column\"><div class=\"fusion-text fusion-text-2\" style=\"--awb-content-alignment:center;--awb-font-size:var(--awb-typography3-font-size);--awb-line-height:var(--awb-typography3-line-height);--awb-letter-spacing:var(--awb-typography3-letter-spacing);--awb-text-transform:var(--awb-typography3-text-transform);--awb-text-color:#0d0f01;--awb-text-font-family:var(--awb-typography3-font-family);--awb-text-font-weight:var(--awb-typography3-font-weight);--awb-text-font-style:var(--awb-typography3-font-style);\"><p>\u0110\u1eb7t cho m\u00ecnh s\u1ee9 m\u1ec7nh thay \u0111\u1ed5i v\u00e0 gi\u00fap \u0111\u1ee1 cu\u1ed9c \u0111\u1eddi <span style=\"color: var(--awb-color4);\"><b>5000 ng\u01b0\u1eddi<\/b><\/span> th\u00f4ng qua ch\u01b0\u01a1ng tr\u00ecnh <b style=\"color: var(--awb-color4);\">Mentoring English.<\/b><\/p>\n<\/div><\/div><\/div><div class=\"fusion-layout-column fusion_builder_column fusion-builder-column-4 fusion_builder_column_1_3 1_3 fusion-flex-column fusion-animated\" style=\"--awb-padding-top:80px;--awb-padding-right:30px;--awb-padding-bottom:80px;--awb-padding-left:30px;--awb-padding-top-medium:60px;--awb-padding-right-medium:45px;--awb-padding-bottom-medium:60px;--awb-padding-left-medium:45px;--awb-overflow:hidden;--awb-bg-color:rgba(48,48,136,0.07);--awb-bg-color-hover:rgba(48,48,136,0.07);--awb-bg-size:cover;--awb-border-radius:12px 12px 12px 12px;--awb-width-large:33.333333333333%;--awb-margin-top-large:0px;--awb-spacing-right-large:5.76%;--awb-margin-bottom-large:0px;--awb-spacing-left-large:5.76%;--awb-width-medium:33.333333333333%;--awb-order-medium:0;--awb-spacing-right-medium:5.76%;--awb-spacing-left-medium:5.76%;--awb-width-small:100%;--awb-order-small:1;--awb-spacing-right-small:1.92%;--awb-margin-bottom-small:20px;--awb-spacing-left-small:1.92%;\" data-animationtype=\"fadeInUp\" data-animationduration=\"1.3\" data-animationoffset=\"top-into-view\"><div class=\"fusion-column-wrapper fusion-column-has-shadow fusion-flex-justify-content-center fusion-content-layout-column\"><div class=\"fusion-text fusion-text-3\" style=\"--awb-content-alignment:center;--awb-font-size:var(--awb-typography3-font-size);--awb-line-height:var(--awb-typography3-line-height);--awb-letter-spacing:var(--awb-typography3-letter-spacing);--awb-text-transform:var(--awb-typography3-text-transform);--awb-text-color:#0d0f01;--awb-text-font-family:var(--awb-typography3-font-family);--awb-text-font-weight:var(--awb-typography3-font-weight);--awb-text-font-style:var(--awb-typography3-font-style);\"><p> C\u1ed1 v\u1ea5n, h\u01b0\u1edbng d\u1eabn <span style=\"color: var(--awb-color4);\"><b>Mentee<\/b><\/span> (h\u1ecdc vi\u00ean) h\u00ecnh th\u00e0nh v\u00e0 ph\u00e1t tri\u1ec3n n\u0103ng l\u1ef1c s\u1eed d\u1ee5ng ti\u1ebfng Anh to\u00e0n di\u1ec7n \u2013 v\u1eeba giao ti\u1ebfp thu\u1ea7n th\u1ee5c trong cu\u1ed9c s\u1ed1ng th\u01b0\u1eddng ng\u00e0y, v\u1eeba s\u1eed d\u1ee5ng t\u1ed1t trong c\u00e1c m\u00f4i tr\u01b0\u1eddng h\u1ecdc t\u1eadp, thi c\u1eed, l\u00e0m vi\u1ec7c trong n\u01b0\u1edbc v\u00e0 qu\u1ed1c t\u1ebf.<\/p>\n<\/div><\/div><\/div><div class=\"fusion-layout-column fusion_builder_column fusion-builder-column-5 fusion_builder_column_1_3 1_3 fusion-flex-column fusion-animated\" style=\"--awb-padding-top:80px;--awb-padding-right:30px;--awb-padding-bottom:80px;--awb-padding-left:30px;--awb-padding-top-medium:60px;--awb-padding-right-medium:45px;--awb-padding-bottom-medium:60px;--awb-padding-left-medium:45px;--awb-overflow:hidden;--awb-bg-color:#ffffff;--awb-bg-color-hover:#ffffff;--awb-bg-size:cover;--awb-border-color:#d1d1d1;--awb-border-top:1px;--awb-border-right:1px;--awb-border-bottom:1px;--awb-border-left:1px;--awb-border-style:solid;--awb-border-radius:12px 12px 12px 12px;--awb-width-large:33.333333333333%;--awb-margin-top-large:0px;--awb-spacing-right-large:5.76%;--awb-margin-bottom-large:0px;--awb-spacing-left-large:5.76%;--awb-width-medium:33.333333333333%;--awb-order-medium:0;--awb-spacing-right-medium:5.76%;--awb-spacing-left-medium:5.76%;--awb-width-small:100%;--awb-order-small:1;--awb-spacing-right-small:1.92%;--awb-margin-bottom-small:20px;--awb-spacing-left-small:1.92%;\" data-animationtype=\"fadeInUp\" data-animationduration=\"1.3\" data-animationoffset=\"top-into-view\"><div class=\"fusion-column-wrapper fusion-column-has-shadow fusion-flex-justify-content-center fusion-content-layout-column\"><div class=\"fusion-text fusion-text-4\" style=\"--awb-content-alignment:center;--awb-font-size:var(--awb-typography3-font-size);--awb-line-height:var(--awb-typography3-line-height);--awb-letter-spacing:var(--awb-typography3-letter-spacing);--awb-text-transform:var(--awb-typography3-text-transform);--awb-text-color:#0d0f01;--awb-text-font-family:var(--awb-typography3-font-family);--awb-text-font-weight:var(--awb-typography3-font-weight);--awb-text-font-style:var(--awb-typography3-font-style);\"><p>Ch\u00fang t\u00f4i c\u00f2n th\u1ef1c hi\u1ec7n s\u1ee9 m\u1ec7nh c\u1ee7a m\u00ecnh th\u00f4ng qua vi\u1ec7c truy\u1ec1n l\u1eeda, t\u1ea1o \u0111\u1ed9ng l\u1ef1c, gi\u00fap <b style=\"color: var(--awb-color4);\">Mentee<\/b> ph\u00e1t huy \u0111i\u1ec3m m\u1ea1nh v\u00e0 kh\u1eafc ph\u1ee5c \u0111i\u1ec3m y\u1ebfu c\u1ee7a b\u1ea3n th\u00e2n \u0111\u1ec3 ng\u00e0y c\u00e0ng \u0111\u1ebfn g\u1ea7n h\u01a1n v\u1edbi c\u00e1nh c\u1eeda th\u00e0nh c\u00f4ng th\u00f4ng qua ch\u01b0\u01a1ng tr\u00ecnh <strong style=\"color: var(--awb-color4);\">\u201cMentoring English\u201d<\/strong> \u0111\u1ed9c quy\u1ec1n t\u1ea1i <strong style=\"color: var(--awb-color4);\">One Life English &amp; Visa.<\/strong><\/p>\n<\/div><\/div><\/div><\/div><\/div><\/p>","protected":false},"excerpt":{"rendered":"","protected":false},"author":1,"featured_media":0,"parent":0,"menu_order":0,"comment_status":"closed","ping_status":"closed","template":"100-width.php","meta":{"_price":"","_stock":"","_tribe_ticket_header":"","_tribe_default_ticket_provider":"","_tribe_ticket_capacity":"0","_ticket_start_date":"","_ticket_end_date":"","_tribe_ticket_show_description":"","_tribe_ticket_show_not_going":false,"_tribe_ticket_use_global_stock":"","_tribe_ticket_global_stock_level":"","_global_stock_mode":"","_global_stock_cap":"","_tribe_rsvp_for_event":"","_tribe_ticket_going_count":"","_tribe_ticket_not_going_count":"","_tribe_tickets_list":"[]","_tribe_ticket_has_attendee_info_fields":false,"footnotes":"","_tec_slr_enabled":"","_tec_slr_layout":""},"class_list":["post-283","page","type-page","status-publish","hentry"],"yoast_head":"<!-- This site is optimized with the Yoast SEO plugin v26.7 - https:\/\/yoast.com\/wordpress\/plugins\/seo\/ -->\n<title>V\u1ec1 Ch\u00fang t\u00f4i | One Life English<\/title>\n<meta name=\"robots\" content=\"index, follow, max-snippet:-1, max-image-preview:large, max-video-preview:-1\" \/>\n<link rel=\"canonical\" href=\"https:\/\/onelifeenglish.edu.vn\/en\/ve-chung-toi\/\" \/>\n<meta property=\"og:locale\" content=\"en_US\" \/>\n<meta property=\"og:type\" content=\"article\" \/>\n<meta property=\"og:title\" content=\"V\u1ec1 Ch\u00fang t\u00f4i | One Life English\" \/>\n<meta property=\"og:url\" content=\"https:\/\/onelifeenglish.edu.vn\/en\/ve-chung-toi\/\" \/>\n<meta property=\"og:site_name\" content=\"One Life English\" \/>\n<meta property=\"article:publisher\" content=\"https:\/\/www.facebook.com\/OneLifeEnglish\" \/>\n<meta property=\"article:modified_time\" content=\"2023-11-20T14:54:52+00:00\" \/>\n<meta property=\"og:image\" content=\"http:\/\/onelifeenglish.edu.vn\/wp-content\/uploads\/2023\/04\/img01-1.jpeg\" \/>\n<meta name=\"twitter:card\" content=\"summary_large_image\" \/>\n<meta name=\"twitter:label1\" content=\"Est. reading time\" \/>\n\t<meta name=\"twitter:data1\" content=\"15 minutes\" \/>\n<script type=\"application\/ld+json\" class=\"yoast-schema-graph\">{\"@context\":\"https:\/\/schema.org\",\"@graph\":[{\"@type\":\"WebPage\",\"@id\":\"https:\/\/onelifeenglish.edu.vn\/ve-chung-toi\/\",\"url\":\"https:\/\/onelifeenglish.edu.vn\/ve-chung-toi\/\",\"name\":\"V\u1ec1 Ch\u00fang t\u00f4i | One Life English\",\"isPartOf\":{\"@id\":\"https:\/\/onelifeenglish.edu.vn\/#website\"},\"datePublished\":\"2023-04-28T03:30:18+00:00\",\"dateModified\":\"2023-11-20T14:54:52+00:00\",\"breadcrumb\":{\"@id\":\"https:\/\/onelifeenglish.edu.vn\/ve-chung-toi\/#breadcrumb\"},\"inLanguage\":\"en-US\",\"potentialAction\":[{\"@type\":\"ReadAction\",\"target\":[\"https:\/\/onelifeenglish.edu.vn\/ve-chung-toi\/\"]}]},{\"@type\":\"BreadcrumbList\",\"@id\":\"https:\/\/onelifeenglish.edu.vn\/ve-chung-toi\/#breadcrumb\",\"itemListElement\":[{\"@type\":\"ListItem\",\"position\":1,\"name\":\"Home\",\"item\":\"https:\/\/onelifeenglish.edu.vn\/\"},{\"@type\":\"ListItem\",\"position\":2,\"name\":\"V\u1ec1 Ch\u00fang t\u00f4i\"}]},{\"@type\":\"WebSite\",\"@id\":\"https:\/\/onelifeenglish.edu.vn\/#website\",\"url\":\"https:\/\/onelifeenglish.edu.vn\/\",\"name\":\"One Life English\",\"description\":\"\",\"publisher\":{\"@id\":\"https:\/\/onelifeenglish.edu.vn\/#organization\"},\"potentialAction\":[{\"@type\":\"SearchAction\",\"target\":{\"@type\":\"EntryPoint\",\"urlTemplate\":\"https:\/\/onelifeenglish.edu.vn\/?s={search_term_string}\"},\"query-input\":{\"@type\":\"PropertyValueSpecification\",\"valueRequired\":true,\"valueName\":\"search_term_string\"}}],\"inLanguage\":\"en-US\"},{\"@type\":\"Organization\",\"@id\":\"https:\/\/onelifeenglish.edu.vn\/#organization\",\"name\":\"One Life English\",\"url\":\"https:\/\/onelifeenglish.edu.vn\/\",\"logo\":{\"@type\":\"ImageObject\",\"inLanguage\":\"en-US\",\"@id\":\"https:\/\/onelifeenglish.edu.vn\/#\/schema\/logo\/image\/\",\"url\":\"https:\/\/onelifeenglish.edu.vn\/wp-content\/uploads\/2023\/10\/LOGO-VECTOR-03.webp\",\"contentUrl\":\"https:\/\/onelifeenglish.edu.vn\/wp-content\/uploads\/2023\/10\/LOGO-VECTOR-03.webp\",\"width\":101,\"height\":70,\"caption\":\"One Life English\"},\"image\":{\"@id\":\"https:\/\/onelifeenglish.edu.vn\/#\/schema\/logo\/image\/\"},\"sameAs\":[\"https:\/\/www.facebook.com\/OneLifeEnglish\"]}]}<\/script>\n<!-- \/ Yoast SEO plugin. -->","yoast_head_json":{"title":"V\u1ec1 Ch\u00fang t\u00f4i | One Life English","robots":{"index":"index","follow":"follow","max-snippet":"max-snippet:-1","max-image-preview":"max-image-preview:large","max-video-preview":"max-video-preview:-1"},"canonical":"https:\/\/onelifeenglish.edu.vn\/en\/ve-chung-toi\/","og_locale":"en_US","og_type":"article","og_title":"V\u1ec1 Ch\u00fang t\u00f4i | One Life English","og_url":"https:\/\/onelifeenglish.edu.vn\/en\/ve-chung-toi\/","og_site_name":"One Life English","article_publisher":"https:\/\/www.facebook.com\/OneLifeEnglish","article_modified_time":"2023-11-20T14:54:52+00:00","og_image":[{"url":"http:\/\/onelifeenglish.edu.vn\/wp-content\/uploads\/2023\/04\/img01-1.jpeg","type":"","width":"","height":""}],"twitter_card":"summary_large_image","twitter_misc":{"Est. reading time":"15 minutes"},"schema":{"@context":"https:\/\/schema.org","@graph":[{"@type":"WebPage","@id":"https:\/\/onelifeenglish.edu.vn\/ve-chung-toi\/","url":"https:\/\/onelifeenglish.edu.vn\/ve-chung-toi\/","name":"V\u1ec1 Ch\u00fang t\u00f4i | One Life English","isPartOf":{"@id":"https:\/\/onelifeenglish.edu.vn\/#website"},"datePublished":"2023-04-28T03:30:18+00:00","dateModified":"2023-11-20T14:54:52+00:00","breadcrumb":{"@id":"https:\/\/onelifeenglish.edu.vn\/ve-chung-toi\/#breadcrumb"},"inLanguage":"en-US","potentialAction":[{"@type":"ReadAction","target":["https:\/\/onelifeenglish.edu.vn\/ve-chung-toi\/"]}]},{"@type":"BreadcrumbList","@id":"https:\/\/onelifeenglish.edu.vn\/ve-chung-toi\/#breadcrumb","itemListElement":[{"@type":"ListItem","position":1,"name":"Home","item":"https:\/\/onelifeenglish.edu.vn\/"},{"@type":"ListItem","position":2,"name":"V\u1ec1 Ch\u00fang t\u00f4i"}]},{"@type":"WebSite","@id":"https:\/\/onelifeenglish.edu.vn\/#website","url":"https:\/\/onelifeenglish.edu.vn\/","name":"One Life English","description":"","publisher":{"@id":"https:\/\/onelifeenglish.edu.vn\/#organization"},"potentialAction":[{"@type":"SearchAction","target":{"@type":"EntryPoint","urlTemplate":"https:\/\/onelifeenglish.edu.vn\/?s={search_term_string}"},"query-input":{"@type":"PropertyValueSpecification","valueRequired":true,"valueName":"search_term_string"}}],"inLanguage":"en-US"},{"@type":"Organization","@id":"https:\/\/onelifeenglish.edu.vn\/#organization","name":"One Life English","url":"https:\/\/onelifeenglish.edu.vn\/","logo":{"@type":"ImageObject","inLanguage":"en-US","@id":"https:\/\/onelifeenglish.edu.vn\/#\/schema\/logo\/image\/","url":"https:\/\/onelifeenglish.edu.vn\/wp-content\/uploads\/2023\/10\/LOGO-VECTOR-03.webp","contentUrl":"https:\/\/onelifeenglish.edu.vn\/wp-content\/uploads\/2023\/10\/LOGO-VECTOR-03.webp","width":101,"height":70,"caption":"One Life English"},"image":{"@id":"https:\/\/onelifeenglish.edu.vn\/#\/schema\/logo\/image\/"},"sameAs":["https:\/\/www.facebook.com\/OneLifeEnglish"]}]}},"ticketed":false,"_links":{"self":[{"href":"https:\/\/onelifeenglish.edu.vn\/en\/wp-json\/wp\/v2\/pages\/283","targetHints":{"allow":["GET"]}}],"collection":[{"href":"https:\/\/onelifeenglish.edu.vn\/en\/wp-json\/wp\/v2\/pages"}],"about":[{"href":"https:\/\/onelifeenglish.edu.vn\/en\/wp-json\/wp\/v2\/types\/page"}],"author":[{"embeddable":true,"href":"https:\/\/onelifeenglish.edu.vn\/en\/wp-json\/wp\/v2\/users\/1"}],"replies":[{"embeddable":true,"href":"https:\/\/onelifeenglish.edu.vn\/en\/wp-json\/wp\/v2\/comments?post=283"}],"version-history":[{"count":13,"href":"https:\/\/onelifeenglish.edu.vn\/en\/wp-json\/wp\/v2\/pages\/283\/revisions"}],"predecessor-version":[{"id":6345,"href":"https:\/\/onelifeenglish.edu.vn\/en\/wp-json\/wp\/v2\/pages\/283\/revisions\/6345"}],"wp:attachment":[{"href":"https:\/\/onelifeenglish.edu.vn\/en\/wp-json\/wp\/v2\/media?parent=283"}],"curies":[{"name":"wp","href":"https:\/\/api.w.org\/{rel}","templated":true}]}}